{"id":886,"date":"2020-11-16T11:43:59","date_gmt":"2020-11-16T10:43:59","guid":{"rendered":"https:\/\/www.babidule.fr\/?post_type=product&#038;p=886"},"modified":"2021-01-06T12:15:31","modified_gmt":"2021-01-06T11:15:31","slug":"enveloppe-porte-documents-nuit","status":"publish","type":"product","link":"https:\/\/www.babidule.fr\/?product=enveloppe-porte-documents-nuit","title":{"rendered":"Enveloppe porte documents Nuit"},"content":{"rendered":"<p>Une petite pochette qui permet d\u2019emmener avec vous tous vos papiers\u00a0et plus encore: Carte d\u2019identit\u00e9, permis de conduire, carte grise, plaquette de parac\u00e9tamol \u2026<\/p>\n<p>Cuir tannage v\u00e9g\u00e9tal<br \/>\nR\u00e9alis\u00e9e et teint\u00e9e \u00e0 la main, en Alsace.<\/p>\n<p>Dimensions du produit\u00a0: 9,5x14x2 cm<\/p>\n","protected":false},"excerpt":{"rendered":"<p>Une petite pochette qui permet d\u2019emmener avec vous tous vos papiers\u00a0et plus encore: Carte d\u2019identit\u00e9, permis de conduire, carte grise, plaquette de parac\u00e9tamol \u2026<\/p>\n<p>Cuir tannage v\u00e9g\u00e9tal<br \/>\nR\u00e9alis\u00e9e et teint\u00e9e \u00e0 la main, en Alsace.<\/p>\n","protected":false},"featured_media":847,"comment_status":"open","ping_status":"closed","template":"","meta":[],"product_cat":[61,63],"product_tag":[],"yoast_head":"<!-- This site is optimized with the Yoast SEO plugin v17.9 - https:\/\/yoast.com\/wordpress\/plugins\/seo\/ -->\n<title>Enveloppe porte documents Nuit - Babidule<\/title>\n<meta name=\"robots\" content=\"index, follow, max-snippet:-1, max-image-preview:large, max-video-preview:-1\" \/>\n<link rel=\"canonical\" href=\"https:\/\/www.babidule.fr\/?product=enveloppe-porte-documents-nuit\" \/>\n<meta property=\"og:locale\" content=\"fr_FR\" \/>\n<meta property=\"og:type\" content=\"article\" \/>\n<meta property=\"og:title\" content=\"Enveloppe porte documents Nuit - Babidule\" \/>\n<meta property=\"og:description\" content=\"Une petite pochette qui permet d\u2019emmener avec vous tous vos papiers\u00a0et plus encore: Carte d\u2019identit\u00e9, permis de conduire, carte grise, plaquette de parac\u00e9tamol \u2026  Cuir tannage v\u00e9g\u00e9tal R\u00e9alis\u00e9e et teint\u00e9e \u00e0 la main, en Alsace.\" \/>\n<meta property=\"og:url\" content=\"https:\/\/www.babidule.fr\/?product=enveloppe-porte-documents-nuit\" \/>\n<meta property=\"og:site_name\" content=\"Babidule\" \/>\n<meta property=\"article:publisher\" content=\"https:\/\/www.facebook.com\/babidulecreations\/\" \/>\n<meta property=\"article:modified_time\" content=\"2021-01-06T11:15:31+00:00\" \/>\n<meta property=\"og:image\" content=\"https:\/\/www.babidule.fr\/wp-content\/uploads\/2020\/11\/81-scaled.jpg\" \/>\n\t<meta property=\"og:image:width\" content=\"2560\" \/>\n\t<meta property=\"og:image:height\" content=\"2560\" \/>\n\t<meta property=\"og:image:type\" content=\"image\/jpeg\" \/>\n<meta name=\"twitter:card\" content=\"summary_large_image\" \/>\n<script type=\"application\/ld+json\" class=\"yoast-schema-graph\">{\"@context\":\"https:\/\/schema.org\",\"@graph\":[{\"@type\":\"Organization\",\"@id\":\"https:\/\/www.babidule.fr\/#organization\",\"name\":\"Babidule Cr\\u00e9ations\",\"url\":\"https:\/\/www.babidule.fr\/\",\"sameAs\":[\"https:\/\/www.facebook.com\/babidulecreations\/\",\"https:\/\/www.instagram.com\/babidule_creations\/\",\"https:\/\/www.pinterest.fr\/babidule\/\"],\"logo\":{\"@type\":\"ImageObject\",\"@id\":\"https:\/\/www.babidule.fr\/#logo\",\"inLanguage\":\"fr-FR\",\"url\":\"https:\/\/www.babidule.fr\/wp-content\/uploads\/2020\/10\/logoNB766-px.png\",\"contentUrl\":\"https:\/\/www.babidule.fr\/wp-content\/uploads\/2020\/10\/logoNB766-px.png\",\"width\":766,\"height\":351,\"caption\":\"Babidule Cr\\u00e9ations\"},\"image\":{\"@id\":\"https:\/\/www.babidule.fr\/#logo\"}},{\"@type\":\"WebSite\",\"@id\":\"https:\/\/www.babidule.fr\/#website\",\"url\":\"https:\/\/www.babidule.fr\/\",\"name\":\"Babidule\",\"description\":\"Cr\\u00e9ations\",\"publisher\":{\"@id\":\"https:\/\/www.babidule.fr\/#organization\"},\"potentialAction\":[{\"@type\":\"SearchAction\",\"target\":{\"@type\":\"EntryPoint\",\"urlTemplate\":\"https:\/\/www.babidule.fr\/?s={search_term_string}\"},\"query-input\":\"required name=search_term_string\"}],\"inLanguage\":\"fr-FR\"},{\"@type\":\"ImageObject\",\"@id\":\"https:\/\/www.babidule.fr\/?product=enveloppe-porte-documents-nuit#primaryimage\",\"inLanguage\":\"fr-FR\",\"url\":\"https:\/\/www.babidule.fr\/wp-content\/uploads\/2020\/11\/81-scaled.jpg\",\"contentUrl\":\"https:\/\/www.babidule.fr\/wp-content\/uploads\/2020\/11\/81-scaled.jpg\",\"width\":2560,\"height\":2560},{\"@type\":\"WebPage\",\"@id\":\"https:\/\/www.babidule.fr\/?product=enveloppe-porte-documents-nuit#webpage\",\"url\":\"https:\/\/www.babidule.fr\/?product=enveloppe-porte-documents-nuit\",\"name\":\"Enveloppe porte documents Nuit - Babidule\",\"isPartOf\":{\"@id\":\"https:\/\/www.babidule.fr\/#website\"},\"primaryImageOfPage\":{\"@id\":\"https:\/\/www.babidule.fr\/?product=enveloppe-porte-documents-nuit#primaryimage\"},\"datePublished\":\"2020-11-16T10:43:59+00:00\",\"dateModified\":\"2021-01-06T11:15:31+00:00\",\"breadcrumb\":{\"@id\":\"https:\/\/www.babidule.fr\/?product=enveloppe-porte-documents-nuit#breadcrumb\"},\"inLanguage\":\"fr-FR\",\"potentialAction\":[{\"@type\":\"ReadAction\",\"target\":[\"https:\/\/www.babidule.fr\/?product=enveloppe-porte-documents-nuit\"]}]},{\"@type\":\"BreadcrumbList\",\"@id\":\"https:\/\/www.babidule.fr\/?product=enveloppe-porte-documents-nuit#breadcrumb\",\"itemListElement\":[{\"@type\":\"ListItem\",\"position\":1,\"name\":\"Accueil\",\"item\":\"https:\/\/www.babidule.fr\/\"},{\"@type\":\"ListItem\",\"position\":2,\"name\":\"Produits\",\"item\":\"https:\/\/www.babidule.fr\/?post_type=product\"},{\"@type\":\"ListItem\",\"position\":3,\"name\":\"Enveloppe porte documents Nuit\"}]}]}<\/script>\n<!-- \/ Yoast SEO plugin. -->","yoast_head_json":{"title":"Enveloppe porte documents Nuit - Babidule","robots":{"index":"index","follow":"follow","max-snippet":"max-snippet:-1","max-image-preview":"max-image-preview:large","max-video-preview":"max-video-preview:-1"},"canonical":"https:\/\/www.babidule.fr\/?product=enveloppe-porte-documents-nuit","og_locale":"fr_FR","og_type":"article","og_title":"Enveloppe porte documents Nuit - Babidule","og_description":"Une petite pochette qui permet d\u2019emmener avec vous tous vos papiers\u00a0et plus encore: Carte d\u2019identit\u00e9, permis de conduire, carte grise, plaquette de parac\u00e9tamol \u2026  Cuir tannage v\u00e9g\u00e9tal R\u00e9alis\u00e9e et teint\u00e9e \u00e0 la main, en Alsace.","og_url":"https:\/\/www.babidule.fr\/?product=enveloppe-porte-documents-nuit","og_site_name":"Babidule","article_publisher":"https:\/\/www.facebook.com\/babidulecreations\/","article_modified_time":"2021-01-06T11:15:31+00:00","og_image":[{"width":2560,"height":2560,"url":"https:\/\/www.babidule.fr\/wp-content\/uploads\/2020\/11\/81-scaled.jpg","type":"image\/jpeg"}],"twitter_card":"summary_large_image","schema":{"@context":"https:\/\/schema.org","@graph":[{"@type":"Organization","@id":"https:\/\/www.babidule.fr\/#organization","name":"Babidule Cr\u00e9ations","url":"https:\/\/www.babidule.fr\/","sameAs":["https:\/\/www.facebook.com\/babidulecreations\/","https:\/\/www.instagram.com\/babidule_creations\/","https:\/\/www.pinterest.fr\/babidule\/"],"logo":{"@type":"ImageObject","@id":"https:\/\/www.babidule.fr\/#logo","inLanguage":"fr-FR","url":"https:\/\/www.babidule.fr\/wp-content\/uploads\/2020\/10\/logoNB766-px.png","contentUrl":"https:\/\/www.babidule.fr\/wp-content\/uploads\/2020\/10\/logoNB766-px.png","width":766,"height":351,"caption":"Babidule Cr\u00e9ations"},"image":{"@id":"https:\/\/www.babidule.fr\/#logo"}},{"@type":"WebSite","@id":"https:\/\/www.babidule.fr\/#website","url":"https:\/\/www.babidule.fr\/","name":"Babidule","description":"Cr\u00e9ations","publisher":{"@id":"https:\/\/www.babidule.fr\/#organization"},"potentialAction":[{"@type":"SearchAction","target":{"@type":"EntryPoint","urlTemplate":"https:\/\/www.babidule.fr\/?s={search_term_string}"},"query-input":"required name=search_term_string"}],"inLanguage":"fr-FR"},{"@type":"ImageObject","@id":"https:\/\/www.babidule.fr\/?product=enveloppe-porte-documents-nuit#primaryimage","inLanguage":"fr-FR","url":"https:\/\/www.babidule.fr\/wp-content\/uploads\/2020\/11\/81-scaled.jpg","contentUrl":"https:\/\/www.babidule.fr\/wp-content\/uploads\/2020\/11\/81-scaled.jpg","width":2560,"height":2560},{"@type":"WebPage","@id":"https:\/\/www.babidule.fr\/?product=enveloppe-porte-documents-nuit#webpage","url":"https:\/\/www.babidule.fr\/?product=enveloppe-porte-documents-nuit","name":"Enveloppe porte documents Nuit - Babidule","isPartOf":{"@id":"https:\/\/www.babidule.fr\/#website"},"primaryImageOfPage":{"@id":"https:\/\/www.babidule.fr\/?product=enveloppe-porte-documents-nuit#primaryimage"},"datePublished":"2020-11-16T10:43:59+00:00","dateModified":"2021-01-06T11:15:31+00:00","breadcrumb":{"@id":"https:\/\/www.babidule.fr\/?product=enveloppe-porte-documents-nuit#breadcrumb"},"inLanguage":"fr-FR","potentialAction":[{"@type":"ReadAction","target":["https:\/\/www.babidule.fr\/?product=enveloppe-porte-documents-nuit"]}]},{"@type":"BreadcrumbList","@id":"https:\/\/www.babidule.fr\/?product=enveloppe-porte-documents-nuit#breadcrumb","itemListElement":[{"@type":"ListItem","position":1,"name":"Accueil","item":"https:\/\/www.babidule.fr\/"},{"@type":"ListItem","position":2,"name":"Produits","item":"https:\/\/www.babidule.fr\/?post_type=product"},{"@type":"ListItem","position":3,"name":"Enveloppe porte documents Nuit"}]}]}},"_links":{"self":[{"href":"https:\/\/www.babidule.fr\/index.php?rest_route=\/wp\/v2\/product\/886"}],"collection":[{"href":"https:\/\/www.babidule.fr\/index.php?rest_route=\/wp\/v2\/product"}],"about":[{"href":"https:\/\/www.babidule.fr\/index.php?rest_route=\/wp\/v2\/types\/product"}],"replies":[{"embeddable":true,"href":"https:\/\/www.babidule.fr\/index.php?rest_route=%2Fwp%2Fv2%2Fcomments&post=886"}],"version-history":[{"count":2,"href":"https:\/\/www.babidule.fr\/index.php?rest_route=\/wp\/v2\/product\/886\/revisions"}],"predecessor-version":[{"id":904,"href":"https:\/\/www.babidule.fr\/index.php?rest_route=\/wp\/v2\/product\/886\/revisions\/904"}],"wp:featuredmedia":[{"embeddable":true,"href":"https:\/\/www.babidule.fr\/index.php?rest_route=\/wp\/v2\/media\/847"}],"wp:attachment":[{"href":"https:\/\/www.babidule.fr\/index.php?rest_route=%2Fwp%2Fv2%2Fmedia&parent=886"}],"wp:term":[{"taxonomy":"product_cat","embeddable":true,"href":"https:\/\/www.babidule.fr\/index.php?rest_route=%2Fwp%2Fv2%2Fproduct_cat&post=886"},{"taxonomy":"product_tag","embeddable":true,"href":"https:\/\/www.babidule.fr\/index.php?rest_route=%2Fwp%2Fv2%2Fproduct_tag&post=886"}],"curies":[{"name":"wp","href":"https:\/\/api.w.org\/{rel}","templated":true}]}}