{"id":882,"date":"2020-11-16T11:38:26","date_gmt":"2020-11-16T10:38:26","guid":{"rendered":"https:\/\/www.babidule.fr\/?post_type=product&#038;p=882"},"modified":"2021-01-06T12:15:56","modified_gmt":"2021-01-06T11:15:56","slug":"protege-carnet-voyageur-nuit","status":"publish","type":"product","link":"https:\/\/www.babidule.fr\/?product=protege-carnet-voyageur-nuit","title":{"rendered":"Prot\u00e8ge carnet voyageur Nuit"},"content":{"rendered":"<p>Un prot\u00e8ge carnet qui invite au voyage avec son rabat \u00e0 lacet.<br \/>\nIl accueille tout type de carnet de dimensions 10&#215;15 cm dont les <strong>agendas<\/strong>.<\/p>\n<p>Le motif est r\u00e9alis\u00e9 \u00e0 la main par la technique du repoussage.<br \/>\nCuir tannage v\u00e9g\u00e9tal<br \/>\nR\u00e9alis\u00e9 et teint\u00e9 \u00e0 la main, en Alsace.<\/p>\n<p>Vendu sans carnet.<\/p>\n<p>Dimensions du produit\u00a0: 11,5x16x2,5 cm<\/p>\n","protected":false},"excerpt":{"rendered":"<p>Un prot\u00e8ge carnet qui invite au voyage avec son rabat \u00e0 lacet.<br \/>\nIl accueille tout type de carnet de dimensions 10&#215;15 cm dont les <strong>agendas<\/strong>.<\/p>\n<p>Le motif est r\u00e9alis\u00e9 \u00e0 la main par la technique du repoussage.<br \/>\nCuir tannage v\u00e9g\u00e9tal<br \/>\nR\u00e9alis\u00e9 et teint\u00e9 \u00e0 la main, en Alsace.<\/p>\n<p>Vendu sans carnet.<\/p>\n","protected":false},"featured_media":838,"comment_status":"open","ping_status":"closed","template":"","meta":[],"product_cat":[41,61],"product_tag":[],"yoast_head":"<!-- This site is optimized with the Yoast SEO plugin v17.9 - https:\/\/yoast.com\/wordpress\/plugins\/seo\/ -->\n<title>Prot\u00e8ge carnet voyageur Nuit - Babidule<\/title>\n<meta name=\"robots\" content=\"index, follow, max-snippet:-1, max-image-preview:large, max-video-preview:-1\" \/>\n<link rel=\"canonical\" href=\"https:\/\/www.babidule.fr\/?product=protege-carnet-voyageur-nuit\" \/>\n<meta property=\"og:locale\" content=\"fr_FR\" \/>\n<meta property=\"og:type\" content=\"article\" \/>\n<meta property=\"og:title\" content=\"Prot\u00e8ge carnet voyageur Nuit - Babidule\" \/>\n<meta property=\"og:description\" content=\"Un prot\u00e8ge carnet qui invite au voyage avec son rabat \u00e0 lacet. Il accueille tout type de carnet de dimensions 10x15 cm dont les agendas.  Le motif est r\u00e9alis\u00e9 \u00e0 la main par la technique du repoussage. Cuir tannage v\u00e9g\u00e9tal R\u00e9alis\u00e9 et teint\u00e9 \u00e0 la main, en Alsace.  Vendu sans carnet.\" \/>\n<meta property=\"og:url\" content=\"https:\/\/www.babidule.fr\/?product=protege-carnet-voyageur-nuit\" \/>\n<meta property=\"og:site_name\" content=\"Babidule\" \/>\n<meta property=\"article:publisher\" content=\"https:\/\/www.facebook.com\/babidulecreations\/\" \/>\n<meta property=\"article:modified_time\" content=\"2021-01-06T11:15:56+00:00\" \/>\n<meta property=\"og:image\" content=\"https:\/\/www.babidule.fr\/wp-content\/uploads\/2020\/11\/72-scaled.jpg\" \/>\n\t<meta property=\"og:image:width\" content=\"2560\" \/>\n\t<meta property=\"og:image:height\" content=\"2560\" \/>\n\t<meta property=\"og:image:type\" content=\"image\/jpeg\" \/>\n<meta name=\"twitter:card\" content=\"summary_large_image\" \/>\n<script type=\"application\/ld+json\" class=\"yoast-schema-graph\">{\"@context\":\"https:\/\/schema.org\",\"@graph\":[{\"@type\":\"Organization\",\"@id\":\"https:\/\/www.babidule.fr\/#organization\",\"name\":\"Babidule Cr\\u00e9ations\",\"url\":\"https:\/\/www.babidule.fr\/\",\"sameAs\":[\"https:\/\/www.facebook.com\/babidulecreations\/\",\"https:\/\/www.instagram.com\/babidule_creations\/\",\"https:\/\/www.pinterest.fr\/babidule\/\"],\"logo\":{\"@type\":\"ImageObject\",\"@id\":\"https:\/\/www.babidule.fr\/#logo\",\"inLanguage\":\"fr-FR\",\"url\":\"https:\/\/www.babidule.fr\/wp-content\/uploads\/2020\/10\/logoNB766-px.png\",\"contentUrl\":\"https:\/\/www.babidule.fr\/wp-content\/uploads\/2020\/10\/logoNB766-px.png\",\"width\":766,\"height\":351,\"caption\":\"Babidule Cr\\u00e9ations\"},\"image\":{\"@id\":\"https:\/\/www.babidule.fr\/#logo\"}},{\"@type\":\"WebSite\",\"@id\":\"https:\/\/www.babidule.fr\/#website\",\"url\":\"https:\/\/www.babidule.fr\/\",\"name\":\"Babidule\",\"description\":\"Cr\\u00e9ations\",\"publisher\":{\"@id\":\"https:\/\/www.babidule.fr\/#organization\"},\"potentialAction\":[{\"@type\":\"SearchAction\",\"target\":{\"@type\":\"EntryPoint\",\"urlTemplate\":\"https:\/\/www.babidule.fr\/?s={search_term_string}\"},\"query-input\":\"required name=search_term_string\"}],\"inLanguage\":\"fr-FR\"},{\"@type\":\"ImageObject\",\"@id\":\"https:\/\/www.babidule.fr\/?product=protege-carnet-voyageur-nuit#primaryimage\",\"inLanguage\":\"fr-FR\",\"url\":\"https:\/\/www.babidule.fr\/wp-content\/uploads\/2020\/11\/72-scaled.jpg\",\"contentUrl\":\"https:\/\/www.babidule.fr\/wp-content\/uploads\/2020\/11\/72-scaled.jpg\",\"width\":2560,\"height\":2560},{\"@type\":\"WebPage\",\"@id\":\"https:\/\/www.babidule.fr\/?product=protege-carnet-voyageur-nuit#webpage\",\"url\":\"https:\/\/www.babidule.fr\/?product=protege-carnet-voyageur-nuit\",\"name\":\"Prot\\u00e8ge carnet voyageur Nuit - Babidule\",\"isPartOf\":{\"@id\":\"https:\/\/www.babidule.fr\/#website\"},\"primaryImageOfPage\":{\"@id\":\"https:\/\/www.babidule.fr\/?product=protege-carnet-voyageur-nuit#primaryimage\"},\"datePublished\":\"2020-11-16T10:38:26+00:00\",\"dateModified\":\"2021-01-06T11:15:56+00:00\",\"breadcrumb\":{\"@id\":\"https:\/\/www.babidule.fr\/?product=protege-carnet-voyageur-nuit#breadcrumb\"},\"inLanguage\":\"fr-FR\",\"potentialAction\":[{\"@type\":\"ReadAction\",\"target\":[\"https:\/\/www.babidule.fr\/?product=protege-carnet-voyageur-nuit\"]}]},{\"@type\":\"BreadcrumbList\",\"@id\":\"https:\/\/www.babidule.fr\/?product=protege-carnet-voyageur-nuit#breadcrumb\",\"itemListElement\":[{\"@type\":\"ListItem\",\"position\":1,\"name\":\"Accueil\",\"item\":\"https:\/\/www.babidule.fr\/\"},{\"@type\":\"ListItem\",\"position\":2,\"name\":\"Produits\",\"item\":\"https:\/\/www.babidule.fr\/?post_type=product\"},{\"@type\":\"ListItem\",\"position\":3,\"name\":\"Prot\\u00e8ge carnet voyageur Nuit\"}]}]}<\/script>\n<!-- \/ Yoast SEO plugin. -->","yoast_head_json":{"title":"Prot\u00e8ge carnet voyageur Nuit - Babidule","robots":{"index":"index","follow":"follow","max-snippet":"max-snippet:-1","max-image-preview":"max-image-preview:large","max-video-preview":"max-video-preview:-1"},"canonical":"https:\/\/www.babidule.fr\/?product=protege-carnet-voyageur-nuit","og_locale":"fr_FR","og_type":"article","og_title":"Prot\u00e8ge carnet voyageur Nuit - Babidule","og_description":"Un prot\u00e8ge carnet qui invite au voyage avec son rabat \u00e0 lacet. Il accueille tout type de carnet de dimensions 10x15 cm dont les agendas.  Le motif est r\u00e9alis\u00e9 \u00e0 la main par la technique du repoussage. Cuir tannage v\u00e9g\u00e9tal R\u00e9alis\u00e9 et teint\u00e9 \u00e0 la main, en Alsace.  Vendu sans carnet.","og_url":"https:\/\/www.babidule.fr\/?product=protege-carnet-voyageur-nuit","og_site_name":"Babidule","article_publisher":"https:\/\/www.facebook.com\/babidulecreations\/","article_modified_time":"2021-01-06T11:15:56+00:00","og_image":[{"width":2560,"height":2560,"url":"https:\/\/www.babidule.fr\/wp-content\/uploads\/2020\/11\/72-scaled.jpg","type":"image\/jpeg"}],"twitter_card":"summary_large_image","schema":{"@context":"https:\/\/schema.org","@graph":[{"@type":"Organization","@id":"https:\/\/www.babidule.fr\/#organization","name":"Babidule Cr\u00e9ations","url":"https:\/\/www.babidule.fr\/","sameAs":["https:\/\/www.facebook.com\/babidulecreations\/","https:\/\/www.instagram.com\/babidule_creations\/","https:\/\/www.pinterest.fr\/babidule\/"],"logo":{"@type":"ImageObject","@id":"https:\/\/www.babidule.fr\/#logo","inLanguage":"fr-FR","url":"https:\/\/www.babidule.fr\/wp-content\/uploads\/2020\/10\/logoNB766-px.png","contentUrl":"https:\/\/www.babidule.fr\/wp-content\/uploads\/2020\/10\/logoNB766-px.png","width":766,"height":351,"caption":"Babidule Cr\u00e9ations"},"image":{"@id":"https:\/\/www.babidule.fr\/#logo"}},{"@type":"WebSite","@id":"https:\/\/www.babidule.fr\/#website","url":"https:\/\/www.babidule.fr\/","name":"Babidule","description":"Cr\u00e9ations","publisher":{"@id":"https:\/\/www.babidule.fr\/#organization"},"potentialAction":[{"@type":"SearchAction","target":{"@type":"EntryPoint","urlTemplate":"https:\/\/www.babidule.fr\/?s={search_term_string}"},"query-input":"required name=search_term_string"}],"inLanguage":"fr-FR"},{"@type":"ImageObject","@id":"https:\/\/www.babidule.fr\/?product=protege-carnet-voyageur-nuit#primaryimage","inLanguage":"fr-FR","url":"https:\/\/www.babidule.fr\/wp-content\/uploads\/2020\/11\/72-scaled.jpg","contentUrl":"https:\/\/www.babidule.fr\/wp-content\/uploads\/2020\/11\/72-scaled.jpg","width":2560,"height":2560},{"@type":"WebPage","@id":"https:\/\/www.babidule.fr\/?product=protege-carnet-voyageur-nuit#webpage","url":"https:\/\/www.babidule.fr\/?product=protege-carnet-voyageur-nuit","name":"Prot\u00e8ge carnet voyageur Nuit - Babidule","isPartOf":{"@id":"https:\/\/www.babidule.fr\/#website"},"primaryImageOfPage":{"@id":"https:\/\/www.babidule.fr\/?product=protege-carnet-voyageur-nuit#primaryimage"},"datePublished":"2020-11-16T10:38:26+00:00","dateModified":"2021-01-06T11:15:56+00:00","breadcrumb":{"@id":"https:\/\/www.babidule.fr\/?product=protege-carnet-voyageur-nuit#breadcrumb"},"inLanguage":"fr-FR","potentialAction":[{"@type":"ReadAction","target":["https:\/\/www.babidule.fr\/?product=protege-carnet-voyageur-nuit"]}]},{"@type":"BreadcrumbList","@id":"https:\/\/www.babidule.fr\/?product=protege-carnet-voyageur-nuit#breadcrumb","itemListElement":[{"@type":"ListItem","position":1,"name":"Accueil","item":"https:\/\/www.babidule.fr\/"},{"@type":"ListItem","position":2,"name":"Produits","item":"https:\/\/www.babidule.fr\/?post_type=product"},{"@type":"ListItem","position":3,"name":"Prot\u00e8ge carnet voyageur Nuit"}]}]}},"_links":{"self":[{"href":"https:\/\/www.babidule.fr\/index.php?rest_route=\/wp\/v2\/product\/882"}],"collection":[{"href":"https:\/\/www.babidule.fr\/index.php?rest_route=\/wp\/v2\/product"}],"about":[{"href":"https:\/\/www.babidule.fr\/index.php?rest_route=\/wp\/v2\/types\/product"}],"replies":[{"embeddable":true,"href":"https:\/\/www.babidule.fr\/index.php?rest_route=%2Fwp%2Fv2%2Fcomments&post=882"}],"version-history":[{"count":2,"href":"https:\/\/www.babidule.fr\/index.php?rest_route=\/wp\/v2\/product\/882\/revisions"}],"predecessor-version":[{"id":916,"href":"https:\/\/www.babidule.fr\/index.php?rest_route=\/wp\/v2\/product\/882\/revisions\/916"}],"wp:featuredmedia":[{"embeddable":true,"href":"https:\/\/www.babidule.fr\/index.php?rest_route=\/wp\/v2\/media\/838"}],"wp:attachment":[{"href":"https:\/\/www.babidule.fr\/index.php?rest_route=%2Fwp%2Fv2%2Fmedia&parent=882"}],"wp:term":[{"taxonomy":"product_cat","embeddable":true,"href":"https:\/\/www.babidule.fr\/index.php?rest_route=%2Fwp%2Fv2%2Fproduct_cat&post=882"},{"taxonomy":"product_tag","embeddable":true,"href":"https:\/\/www.babidule.fr\/index.php?rest_route=%2Fwp%2Fv2%2Fproduct_tag&post=882"}],"curies":[{"name":"wp","href":"https:\/\/api.w.org\/{rel}","templated":true}]}}