{"id":871,"date":"2020-11-16T12:12:10","date_gmt":"2020-11-16T11:12:10","guid":{"rendered":"https:\/\/www.babidule.fr\/?post_type=product&#038;p=871"},"modified":"2021-03-20T16:51:54","modified_gmt":"2021-03-20T15:51:54","slug":"trousse-a-rabats-jour","status":"publish","type":"product","link":"https:\/\/www.babidule.fr\/?product=trousse-a-rabats-jour","title":{"rendered":"Trousse \u00e0 rabats Jour"},"content":{"rendered":"<p>Cette trousse, d\u2019une bonne contenance, vous permets de ranger et de garder pr\u00e8s de vous tous vos indispensables : stylos, maquillage, petits outils&#8230;<br \/>\nPratique, elle s\u2019ouvre enti\u00e8rement pour ne pas avoir \u00e0 tout enlever pour trouver LE stylos que vous cherchiez\u00a0!<\/p>\n<p>Cuir tannage v\u00e9g\u00e9tal<br \/>\nR\u00e9alis\u00e9e et teint\u00e9e \u00e0 la main, en Alsace.<\/p>\n<p>Dimensions du produit\u00a0: 8x20x3 cm<\/p>\n<p>Patron r\u00e9alis\u00e9 par Point Sellier<\/p>\n","protected":false},"excerpt":{"rendered":"<p>Cette trousse, d\u2019une bonne contenance, vous permets de ranger et de garder pr\u00e8s de vous tous vos indispensables : stylos, maquillage, petits outils&#8230;<br \/>\nPratique, elle s\u2019ouvre enti\u00e8rement pour ne pas avoir \u00e0 tout enlever pour trouver LE stylos que vous cherchiez\u00a0!<\/p>\n<p>Cuir tannage v\u00e9g\u00e9tal<br \/>\nR\u00e9alis\u00e9e et teint\u00e9e \u00e0 la main, en Alsace.<\/p>\n","protected":false},"featured_media":834,"comment_status":"open","ping_status":"closed","template":"","meta":[],"product_cat":[62,60],"product_tag":[],"yoast_head":"<!-- This site is optimized with the Yoast SEO plugin v17.9 - https:\/\/yoast.com\/wordpress\/plugins\/seo\/ -->\n<title>Trousse \u00e0 rabats Jour - Babidule<\/title>\n<meta name=\"robots\" content=\"index, follow, max-snippet:-1, max-image-preview:large, max-video-preview:-1\" \/>\n<link rel=\"canonical\" href=\"https:\/\/www.babidule.fr\/?product=trousse-a-rabats-jour\" \/>\n<meta property=\"og:locale\" content=\"fr_FR\" \/>\n<meta property=\"og:type\" content=\"article\" \/>\n<meta property=\"og:title\" content=\"Trousse \u00e0 rabats Jour - Babidule\" \/>\n<meta property=\"og:description\" content=\"Cette trousse, d\u2019une bonne contenance, vous permets de ranger et de garder pr\u00e8s de vous tous vos indispensables : stylos, maquillage, petits outils... Pratique, elle s\u2019ouvre enti\u00e8rement pour ne pas avoir \u00e0 tout enlever pour trouver LE stylos que vous cherchiez\u00a0!  Cuir tannage v\u00e9g\u00e9tal R\u00e9alis\u00e9e et teint\u00e9e \u00e0 la main, en Alsace.\" \/>\n<meta property=\"og:url\" content=\"https:\/\/www.babidule.fr\/?product=trousse-a-rabats-jour\" \/>\n<meta property=\"og:site_name\" content=\"Babidule\" \/>\n<meta property=\"article:publisher\" content=\"https:\/\/www.facebook.com\/babidulecreations\/\" \/>\n<meta property=\"article:modified_time\" content=\"2021-03-20T15:51:54+00:00\" \/>\n<meta property=\"og:image\" content=\"https:\/\/www.babidule.fr\/wp-content\/uploads\/2020\/11\/68-scaled.jpg\" \/>\n\t<meta property=\"og:image:width\" content=\"2560\" \/>\n\t<meta property=\"og:image:height\" content=\"2560\" \/>\n\t<meta property=\"og:image:type\" content=\"image\/jpeg\" \/>\n<meta name=\"twitter:card\" content=\"summary_large_image\" \/>\n<script type=\"application\/ld+json\" class=\"yoast-schema-graph\">{\"@context\":\"https:\/\/schema.org\",\"@graph\":[{\"@type\":\"Organization\",\"@id\":\"https:\/\/www.babidule.fr\/#organization\",\"name\":\"Babidule Cr\\u00e9ations\",\"url\":\"https:\/\/www.babidule.fr\/\",\"sameAs\":[\"https:\/\/www.facebook.com\/babidulecreations\/\",\"https:\/\/www.instagram.com\/babidule_creations\/\",\"https:\/\/www.pinterest.fr\/babidule\/\"],\"logo\":{\"@type\":\"ImageObject\",\"@id\":\"https:\/\/www.babidule.fr\/#logo\",\"inLanguage\":\"fr-FR\",\"url\":\"https:\/\/www.babidule.fr\/wp-content\/uploads\/2020\/10\/logoNB766-px.png\",\"contentUrl\":\"https:\/\/www.babidule.fr\/wp-content\/uploads\/2020\/10\/logoNB766-px.png\",\"width\":766,\"height\":351,\"caption\":\"Babidule Cr\\u00e9ations\"},\"image\":{\"@id\":\"https:\/\/www.babidule.fr\/#logo\"}},{\"@type\":\"WebSite\",\"@id\":\"https:\/\/www.babidule.fr\/#website\",\"url\":\"https:\/\/www.babidule.fr\/\",\"name\":\"Babidule\",\"description\":\"Cr\\u00e9ations\",\"publisher\":{\"@id\":\"https:\/\/www.babidule.fr\/#organization\"},\"potentialAction\":[{\"@type\":\"SearchAction\",\"target\":{\"@type\":\"EntryPoint\",\"urlTemplate\":\"https:\/\/www.babidule.fr\/?s={search_term_string}\"},\"query-input\":\"required name=search_term_string\"}],\"inLanguage\":\"fr-FR\"},{\"@type\":\"ImageObject\",\"@id\":\"https:\/\/www.babidule.fr\/?product=trousse-a-rabats-jour#primaryimage\",\"inLanguage\":\"fr-FR\",\"url\":\"https:\/\/www.babidule.fr\/wp-content\/uploads\/2020\/11\/68-scaled.jpg\",\"contentUrl\":\"https:\/\/www.babidule.fr\/wp-content\/uploads\/2020\/11\/68-scaled.jpg\",\"width\":2560,\"height\":2560},{\"@type\":\"WebPage\",\"@id\":\"https:\/\/www.babidule.fr\/?product=trousse-a-rabats-jour#webpage\",\"url\":\"https:\/\/www.babidule.fr\/?product=trousse-a-rabats-jour\",\"name\":\"Trousse \\u00e0 rabats Jour - Babidule\",\"isPartOf\":{\"@id\":\"https:\/\/www.babidule.fr\/#website\"},\"primaryImageOfPage\":{\"@id\":\"https:\/\/www.babidule.fr\/?product=trousse-a-rabats-jour#primaryimage\"},\"datePublished\":\"2020-11-16T11:12:10+00:00\",\"dateModified\":\"2021-03-20T15:51:54+00:00\",\"breadcrumb\":{\"@id\":\"https:\/\/www.babidule.fr\/?product=trousse-a-rabats-jour#breadcrumb\"},\"inLanguage\":\"fr-FR\",\"potentialAction\":[{\"@type\":\"ReadAction\",\"target\":[\"https:\/\/www.babidule.fr\/?product=trousse-a-rabats-jour\"]}]},{\"@type\":\"BreadcrumbList\",\"@id\":\"https:\/\/www.babidule.fr\/?product=trousse-a-rabats-jour#breadcrumb\",\"itemListElement\":[{\"@type\":\"ListItem\",\"position\":1,\"name\":\"Accueil\",\"item\":\"https:\/\/www.babidule.fr\/\"},{\"@type\":\"ListItem\",\"position\":2,\"name\":\"Produits\",\"item\":\"https:\/\/www.babidule.fr\/?post_type=product\"},{\"@type\":\"ListItem\",\"position\":3,\"name\":\"Trousse \\u00e0 rabats Jour\"}]}]}<\/script>\n<!-- \/ Yoast SEO plugin. -->","yoast_head_json":{"title":"Trousse \u00e0 rabats Jour - Babidule","robots":{"index":"index","follow":"follow","max-snippet":"max-snippet:-1","max-image-preview":"max-image-preview:large","max-video-preview":"max-video-preview:-1"},"canonical":"https:\/\/www.babidule.fr\/?product=trousse-a-rabats-jour","og_locale":"fr_FR","og_type":"article","og_title":"Trousse \u00e0 rabats Jour - Babidule","og_description":"Cette trousse, d\u2019une bonne contenance, vous permets de ranger et de garder pr\u00e8s de vous tous vos indispensables : stylos, maquillage, petits outils... Pratique, elle s\u2019ouvre enti\u00e8rement pour ne pas avoir \u00e0 tout enlever pour trouver LE stylos que vous cherchiez\u00a0!  Cuir tannage v\u00e9g\u00e9tal R\u00e9alis\u00e9e et teint\u00e9e \u00e0 la main, en Alsace.","og_url":"https:\/\/www.babidule.fr\/?product=trousse-a-rabats-jour","og_site_name":"Babidule","article_publisher":"https:\/\/www.facebook.com\/babidulecreations\/","article_modified_time":"2021-03-20T15:51:54+00:00","og_image":[{"width":2560,"height":2560,"url":"https:\/\/www.babidule.fr\/wp-content\/uploads\/2020\/11\/68-scaled.jpg","type":"image\/jpeg"}],"twitter_card":"summary_large_image","schema":{"@context":"https:\/\/schema.org","@graph":[{"@type":"Organization","@id":"https:\/\/www.babidule.fr\/#organization","name":"Babidule Cr\u00e9ations","url":"https:\/\/www.babidule.fr\/","sameAs":["https:\/\/www.facebook.com\/babidulecreations\/","https:\/\/www.instagram.com\/babidule_creations\/","https:\/\/www.pinterest.fr\/babidule\/"],"logo":{"@type":"ImageObject","@id":"https:\/\/www.babidule.fr\/#logo","inLanguage":"fr-FR","url":"https:\/\/www.babidule.fr\/wp-content\/uploads\/2020\/10\/logoNB766-px.png","contentUrl":"https:\/\/www.babidule.fr\/wp-content\/uploads\/2020\/10\/logoNB766-px.png","width":766,"height":351,"caption":"Babidule Cr\u00e9ations"},"image":{"@id":"https:\/\/www.babidule.fr\/#logo"}},{"@type":"WebSite","@id":"https:\/\/www.babidule.fr\/#website","url":"https:\/\/www.babidule.fr\/","name":"Babidule","description":"Cr\u00e9ations","publisher":{"@id":"https:\/\/www.babidule.fr\/#organization"},"potentialAction":[{"@type":"SearchAction","target":{"@type":"EntryPoint","urlTemplate":"https:\/\/www.babidule.fr\/?s={search_term_string}"},"query-input":"required name=search_term_string"}],"inLanguage":"fr-FR"},{"@type":"ImageObject","@id":"https:\/\/www.babidule.fr\/?product=trousse-a-rabats-jour#primaryimage","inLanguage":"fr-FR","url":"https:\/\/www.babidule.fr\/wp-content\/uploads\/2020\/11\/68-scaled.jpg","contentUrl":"https:\/\/www.babidule.fr\/wp-content\/uploads\/2020\/11\/68-scaled.jpg","width":2560,"height":2560},{"@type":"WebPage","@id":"https:\/\/www.babidule.fr\/?product=trousse-a-rabats-jour#webpage","url":"https:\/\/www.babidule.fr\/?product=trousse-a-rabats-jour","name":"Trousse \u00e0 rabats Jour - Babidule","isPartOf":{"@id":"https:\/\/www.babidule.fr\/#website"},"primaryImageOfPage":{"@id":"https:\/\/www.babidule.fr\/?product=trousse-a-rabats-jour#primaryimage"},"datePublished":"2020-11-16T11:12:10+00:00","dateModified":"2021-03-20T15:51:54+00:00","breadcrumb":{"@id":"https:\/\/www.babidule.fr\/?product=trousse-a-rabats-jour#breadcrumb"},"inLanguage":"fr-FR","potentialAction":[{"@type":"ReadAction","target":["https:\/\/www.babidule.fr\/?product=trousse-a-rabats-jour"]}]},{"@type":"BreadcrumbList","@id":"https:\/\/www.babidule.fr\/?product=trousse-a-rabats-jour#breadcrumb","itemListElement":[{"@type":"ListItem","position":1,"name":"Accueil","item":"https:\/\/www.babidule.fr\/"},{"@type":"ListItem","position":2,"name":"Produits","item":"https:\/\/www.babidule.fr\/?post_type=product"},{"@type":"ListItem","position":3,"name":"Trousse \u00e0 rabats Jour"}]}]}},"_links":{"self":[{"href":"https:\/\/www.babidule.fr\/index.php?rest_route=\/wp\/v2\/product\/871"}],"collection":[{"href":"https:\/\/www.babidule.fr\/index.php?rest_route=\/wp\/v2\/product"}],"about":[{"href":"https:\/\/www.babidule.fr\/index.php?rest_route=\/wp\/v2\/types\/product"}],"replies":[{"embeddable":true,"href":"https:\/\/www.babidule.fr\/index.php?rest_route=%2Fwp%2Fv2%2Fcomments&post=871"}],"version-history":[{"count":4,"href":"https:\/\/www.babidule.fr\/index.php?rest_route=\/wp\/v2\/product\/871\/revisions"}],"predecessor-version":[{"id":938,"href":"https:\/\/www.babidule.fr\/index.php?rest_route=\/wp\/v2\/product\/871\/revisions\/938"}],"wp:featuredmedia":[{"embeddable":true,"href":"https:\/\/www.babidule.fr\/index.php?rest_route=\/wp\/v2\/media\/834"}],"wp:attachment":[{"href":"https:\/\/www.babidule.fr\/index.php?rest_route=%2Fwp%2Fv2%2Fmedia&parent=871"}],"wp:term":[{"taxonomy":"product_cat","embeddable":true,"href":"https:\/\/www.babidule.fr\/index.php?rest_route=%2Fwp%2Fv2%2Fproduct_cat&post=871"},{"taxonomy":"product_tag","embeddable":true,"href":"https:\/\/www.babidule.fr\/index.php?rest_route=%2Fwp%2Fv2%2Fproduct_tag&post=871"}],"curies":[{"name":"wp","href":"https:\/\/api.w.org\/{rel}","templated":true}]}}