{"id":387,"date":"2020-10-12T16:32:44","date_gmt":"2020-10-12T14:32:44","guid":{"rendered":"https:\/\/www.babidule.fr\/?post_type=product&#038;p=387"},"modified":"2021-09-21T11:12:23","modified_gmt":"2021-09-21T09:12:23","slug":"portemonnaie-a-plier","status":"publish","type":"product","link":"https:\/\/www.babidule.fr\/?product=portemonnaie-a-plier","title":{"rendered":"Portemonnaie \u00e0 plier"},"content":{"rendered":"<p>Petit portemonnaie \u00e0 plier, id\u00e9al pour un cadeau original.<br \/>\nUne fois le portemonnaie assembl\u00e9, il peut accueillir de la monnaie dans la poche arri\u00e8re et des cartes au format carte de cr\u00e9dit dans la poche avant et dans les 2 fentes.<br \/>\nCuir tannage v\u00e9g\u00e9tal<br \/>\nR\u00e9alis\u00e9 et teint\u00e9 \u00e0 la main, en Alsace.<\/p>\n<p>Dimensions du produit\u00a0: 10x6x2 cm (pli\u00e9)<\/p>\n","protected":false},"excerpt":{"rendered":"<p>Petit portemonnaie \u00e0 plier, id\u00e9al pour un cadeau original.<br \/>\nUne fois le porte-monnaie assembl\u00e9, il peut accueillir de la monnaie dans la poche arri\u00e8re et des cartes au format carte de cr\u00e9dit dans la poche avant et dans les 2 fentes.<br \/>\nCuir tannage v\u00e9g\u00e9tal<br \/>\nR\u00e9alis\u00e9 et teint\u00e9 \u00e0 la main, en Alsace.<\/p>\n","protected":false},"featured_media":362,"comment_status":"open","ping_status":"closed","template":"","meta":[],"product_cat":[24,31],"product_tag":[],"yoast_head":"<!-- This site is optimized with the Yoast SEO plugin v17.9 - https:\/\/yoast.com\/wordpress\/plugins\/seo\/ -->\n<title>Portemonnaie \u00e0 plier - Babidule<\/title>\n<meta name=\"robots\" content=\"index, follow, max-snippet:-1, max-image-preview:large, max-video-preview:-1\" \/>\n<link rel=\"canonical\" href=\"https:\/\/www.babidule.fr\/?product=portemonnaie-a-plier\" \/>\n<meta property=\"og:locale\" content=\"fr_FR\" \/>\n<meta property=\"og:type\" content=\"article\" \/>\n<meta property=\"og:title\" content=\"Portemonnaie \u00e0 plier - Babidule\" \/>\n<meta property=\"og:description\" content=\"Petit portemonnaie \u00e0 plier, id\u00e9al pour un cadeau original. Une fois le porte-monnaie assembl\u00e9, il peut accueillir de la monnaie dans la poche arri\u00e8re et des cartes au format carte de cr\u00e9dit dans la poche avant et dans les 2 fentes. Cuir tannage v\u00e9g\u00e9tal R\u00e9alis\u00e9 et teint\u00e9 \u00e0 la main, en Alsace.\" \/>\n<meta property=\"og:url\" content=\"https:\/\/www.babidule.fr\/?product=portemonnaie-a-plier\" \/>\n<meta property=\"og:site_name\" content=\"Babidule\" \/>\n<meta property=\"article:publisher\" content=\"https:\/\/www.facebook.com\/babidulecreations\/\" \/>\n<meta property=\"article:modified_time\" content=\"2021-09-21T09:12:23+00:00\" \/>\n<meta property=\"og:image\" content=\"https:\/\/www.babidule.fr\/wp-content\/uploads\/2020\/10\/Automne-4-scaled.jpg\" \/>\n\t<meta property=\"og:image:width\" content=\"2560\" \/>\n\t<meta property=\"og:image:height\" content=\"2560\" \/>\n\t<meta property=\"og:image:type\" content=\"image\/jpeg\" \/>\n<meta name=\"twitter:card\" content=\"summary_large_image\" \/>\n<script type=\"application\/ld+json\" class=\"yoast-schema-graph\">{\"@context\":\"https:\/\/schema.org\",\"@graph\":[{\"@type\":\"Organization\",\"@id\":\"https:\/\/www.babidule.fr\/#organization\",\"name\":\"Babidule Cr\\u00e9ations\",\"url\":\"https:\/\/www.babidule.fr\/\",\"sameAs\":[\"https:\/\/www.facebook.com\/babidulecreations\/\",\"https:\/\/www.instagram.com\/babidule_creations\/\",\"https:\/\/www.pinterest.fr\/babidule\/\"],\"logo\":{\"@type\":\"ImageObject\",\"@id\":\"https:\/\/www.babidule.fr\/#logo\",\"inLanguage\":\"fr-FR\",\"url\":\"https:\/\/www.babidule.fr\/wp-content\/uploads\/2020\/10\/logoNB766-px.png\",\"contentUrl\":\"https:\/\/www.babidule.fr\/wp-content\/uploads\/2020\/10\/logoNB766-px.png\",\"width\":766,\"height\":351,\"caption\":\"Babidule Cr\\u00e9ations\"},\"image\":{\"@id\":\"https:\/\/www.babidule.fr\/#logo\"}},{\"@type\":\"WebSite\",\"@id\":\"https:\/\/www.babidule.fr\/#website\",\"url\":\"https:\/\/www.babidule.fr\/\",\"name\":\"Babidule\",\"description\":\"Cr\\u00e9ations\",\"publisher\":{\"@id\":\"https:\/\/www.babidule.fr\/#organization\"},\"potentialAction\":[{\"@type\":\"SearchAction\",\"target\":{\"@type\":\"EntryPoint\",\"urlTemplate\":\"https:\/\/www.babidule.fr\/?s={search_term_string}\"},\"query-input\":\"required name=search_term_string\"}],\"inLanguage\":\"fr-FR\"},{\"@type\":\"ImageObject\",\"@id\":\"https:\/\/www.babidule.fr\/?product=portemonnaie-a-plier#primaryimage\",\"inLanguage\":\"fr-FR\",\"url\":\"https:\/\/www.babidule.fr\/wp-content\/uploads\/2020\/10\/Automne-4-scaled.jpg\",\"contentUrl\":\"https:\/\/www.babidule.fr\/wp-content\/uploads\/2020\/10\/Automne-4-scaled.jpg\",\"width\":2560,\"height\":2560},{\"@type\":\"WebPage\",\"@id\":\"https:\/\/www.babidule.fr\/?product=portemonnaie-a-plier#webpage\",\"url\":\"https:\/\/www.babidule.fr\/?product=portemonnaie-a-plier\",\"name\":\"Portemonnaie \\u00e0 plier - Babidule\",\"isPartOf\":{\"@id\":\"https:\/\/www.babidule.fr\/#website\"},\"primaryImageOfPage\":{\"@id\":\"https:\/\/www.babidule.fr\/?product=portemonnaie-a-plier#primaryimage\"},\"datePublished\":\"2020-10-12T14:32:44+00:00\",\"dateModified\":\"2021-09-21T09:12:23+00:00\",\"breadcrumb\":{\"@id\":\"https:\/\/www.babidule.fr\/?product=portemonnaie-a-plier#breadcrumb\"},\"inLanguage\":\"fr-FR\",\"potentialAction\":[{\"@type\":\"ReadAction\",\"target\":[\"https:\/\/www.babidule.fr\/?product=portemonnaie-a-plier\"]}]},{\"@type\":\"BreadcrumbList\",\"@id\":\"https:\/\/www.babidule.fr\/?product=portemonnaie-a-plier#breadcrumb\",\"itemListElement\":[{\"@type\":\"ListItem\",\"position\":1,\"name\":\"Accueil\",\"item\":\"https:\/\/www.babidule.fr\/\"},{\"@type\":\"ListItem\",\"position\":2,\"name\":\"Produits\",\"item\":\"https:\/\/www.babidule.fr\/?post_type=product\"},{\"@type\":\"ListItem\",\"position\":3,\"name\":\"Portemonnaie \\u00e0 plier\"}]}]}<\/script>\n<!-- \/ Yoast SEO plugin. -->","yoast_head_json":{"title":"Portemonnaie \u00e0 plier - Babidule","robots":{"index":"index","follow":"follow","max-snippet":"max-snippet:-1","max-image-preview":"max-image-preview:large","max-video-preview":"max-video-preview:-1"},"canonical":"https:\/\/www.babidule.fr\/?product=portemonnaie-a-plier","og_locale":"fr_FR","og_type":"article","og_title":"Portemonnaie \u00e0 plier - Babidule","og_description":"Petit portemonnaie \u00e0 plier, id\u00e9al pour un cadeau original. Une fois le porte-monnaie assembl\u00e9, il peut accueillir de la monnaie dans la poche arri\u00e8re et des cartes au format carte de cr\u00e9dit dans la poche avant et dans les 2 fentes. Cuir tannage v\u00e9g\u00e9tal R\u00e9alis\u00e9 et teint\u00e9 \u00e0 la main, en Alsace.","og_url":"https:\/\/www.babidule.fr\/?product=portemonnaie-a-plier","og_site_name":"Babidule","article_publisher":"https:\/\/www.facebook.com\/babidulecreations\/","article_modified_time":"2021-09-21T09:12:23+00:00","og_image":[{"width":2560,"height":2560,"url":"https:\/\/www.babidule.fr\/wp-content\/uploads\/2020\/10\/Automne-4-scaled.jpg","type":"image\/jpeg"}],"twitter_card":"summary_large_image","schema":{"@context":"https:\/\/schema.org","@graph":[{"@type":"Organization","@id":"https:\/\/www.babidule.fr\/#organization","name":"Babidule Cr\u00e9ations","url":"https:\/\/www.babidule.fr\/","sameAs":["https:\/\/www.facebook.com\/babidulecreations\/","https:\/\/www.instagram.com\/babidule_creations\/","https:\/\/www.pinterest.fr\/babidule\/"],"logo":{"@type":"ImageObject","@id":"https:\/\/www.babidule.fr\/#logo","inLanguage":"fr-FR","url":"https:\/\/www.babidule.fr\/wp-content\/uploads\/2020\/10\/logoNB766-px.png","contentUrl":"https:\/\/www.babidule.fr\/wp-content\/uploads\/2020\/10\/logoNB766-px.png","width":766,"height":351,"caption":"Babidule Cr\u00e9ations"},"image":{"@id":"https:\/\/www.babidule.fr\/#logo"}},{"@type":"WebSite","@id":"https:\/\/www.babidule.fr\/#website","url":"https:\/\/www.babidule.fr\/","name":"Babidule","description":"Cr\u00e9ations","publisher":{"@id":"https:\/\/www.babidule.fr\/#organization"},"potentialAction":[{"@type":"SearchAction","target":{"@type":"EntryPoint","urlTemplate":"https:\/\/www.babidule.fr\/?s={search_term_string}"},"query-input":"required name=search_term_string"}],"inLanguage":"fr-FR"},{"@type":"ImageObject","@id":"https:\/\/www.babidule.fr\/?product=portemonnaie-a-plier#primaryimage","inLanguage":"fr-FR","url":"https:\/\/www.babidule.fr\/wp-content\/uploads\/2020\/10\/Automne-4-scaled.jpg","contentUrl":"https:\/\/www.babidule.fr\/wp-content\/uploads\/2020\/10\/Automne-4-scaled.jpg","width":2560,"height":2560},{"@type":"WebPage","@id":"https:\/\/www.babidule.fr\/?product=portemonnaie-a-plier#webpage","url":"https:\/\/www.babidule.fr\/?product=portemonnaie-a-plier","name":"Portemonnaie \u00e0 plier - Babidule","isPartOf":{"@id":"https:\/\/www.babidule.fr\/#website"},"primaryImageOfPage":{"@id":"https:\/\/www.babidule.fr\/?product=portemonnaie-a-plier#primaryimage"},"datePublished":"2020-10-12T14:32:44+00:00","dateModified":"2021-09-21T09:12:23+00:00","breadcrumb":{"@id":"https:\/\/www.babidule.fr\/?product=portemonnaie-a-plier#breadcrumb"},"inLanguage":"fr-FR","potentialAction":[{"@type":"ReadAction","target":["https:\/\/www.babidule.fr\/?product=portemonnaie-a-plier"]}]},{"@type":"BreadcrumbList","@id":"https:\/\/www.babidule.fr\/?product=portemonnaie-a-plier#breadcrumb","itemListElement":[{"@type":"ListItem","position":1,"name":"Accueil","item":"https:\/\/www.babidule.fr\/"},{"@type":"ListItem","position":2,"name":"Produits","item":"https:\/\/www.babidule.fr\/?post_type=product"},{"@type":"ListItem","position":3,"name":"Portemonnaie \u00e0 plier"}]}]}},"_links":{"self":[{"href":"https:\/\/www.babidule.fr\/index.php?rest_route=\/wp\/v2\/product\/387"}],"collection":[{"href":"https:\/\/www.babidule.fr\/index.php?rest_route=\/wp\/v2\/product"}],"about":[{"href":"https:\/\/www.babidule.fr\/index.php?rest_route=\/wp\/v2\/types\/product"}],"replies":[{"embeddable":true,"href":"https:\/\/www.babidule.fr\/index.php?rest_route=%2Fwp%2Fv2%2Fcomments&post=387"}],"version-history":[{"count":2,"href":"https:\/\/www.babidule.fr\/index.php?rest_route=\/wp\/v2\/product\/387\/revisions"}],"predecessor-version":[{"id":392,"href":"https:\/\/www.babidule.fr\/index.php?rest_route=\/wp\/v2\/product\/387\/revisions\/392"}],"wp:featuredmedia":[{"embeddable":true,"href":"https:\/\/www.babidule.fr\/index.php?rest_route=\/wp\/v2\/media\/362"}],"wp:attachment":[{"href":"https:\/\/www.babidule.fr\/index.php?rest_route=%2Fwp%2Fv2%2Fmedia&parent=387"}],"wp:term":[{"taxonomy":"product_cat","embeddable":true,"href":"https:\/\/www.babidule.fr\/index.php?rest_route=%2Fwp%2Fv2%2Fproduct_cat&post=387"},{"taxonomy":"product_tag","embeddable":true,"href":"https:\/\/www.babidule.fr\/index.php?rest_route=%2Fwp%2Fv2%2Fproduct_tag&post=387"}],"curies":[{"name":"wp","href":"https:\/\/api.w.org\/{rel}","templated":true}]}}