{"id":1284,"date":"2021-06-09T16:45:14","date_gmt":"2021-06-09T14:45:14","guid":{"rendered":"https:\/\/www.babidule.fr\/?post_type=product&#038;p=1284"},"modified":"2021-06-09T17:59:57","modified_gmt":"2021-06-09T15:59:57","slug":"sac-ceinture-hello-le-monde","status":"publish","type":"product","link":"https:\/\/www.babidule.fr\/?product=sac-ceinture-hello-le-monde","title":{"rendered":"Sac ceinture Hello le Monde"},"content":{"rendered":"<p>Petit sac ceinture pour toujours avoir avec vous l&rsquo;essentiel.<br \/>\nIl contient une grande poche zipp\u00e9e pour mettre vos papiers d&rsquo;identit\u00e9, une petite poche zipp\u00e9e pour la carte bleue, ticket de m\u00e9tro &#8230; et la poche principale pour le t\u00e9l\u00e9phone et le porte monnaie.<br \/>\nCuir tannage v\u00e9g\u00e9tal. Sangle r\u00e9glable avec un mousqueton. Fermeture aimant\u00e9e.<br \/>\nR\u00e9alis\u00e9 et teint\u00e9 \u00e0 la main, en Alsace.<\/p>\n<p>Dimensions du produit : 17x11x4 cm<\/p>\n","protected":false},"excerpt":{"rendered":"<p>Petit sac ceinture pour toujours avoir avec vous l&rsquo;essentiel.<br \/>\nIl contient une grande poche zipp\u00e9e pour mettre vos papiers d&rsquo;identit\u00e9, une petite poche zipp\u00e9e pour la carte bleue, ticket de m\u00e9tro &#8230; et la poche principale pour le t\u00e9l\u00e9phone et le porte monnaie.<br \/>\nCuir tannage v\u00e9g\u00e9tal. Sangle r\u00e9glable avec un mousqueton. Fermeture aimant\u00e9e.<br \/>\nR\u00e9alis\u00e9 et teint\u00e9 \u00e0 la main, en Alsace.<\/p>\n","protected":false},"featured_media":1295,"comment_status":"open","ping_status":"closed","template":"","meta":[],"product_cat":[83,36],"product_tag":[],"yoast_head":"<!-- This site is optimized with the Yoast SEO plugin v17.9 - https:\/\/yoast.com\/wordpress\/plugins\/seo\/ -->\n<title>Sac ceinture Hello le Monde - Babidule<\/title>\n<meta name=\"robots\" content=\"index, follow, max-snippet:-1, max-image-preview:large, max-video-preview:-1\" \/>\n<link rel=\"canonical\" href=\"https:\/\/www.babidule.fr\/?product=sac-ceinture-hello-le-monde\" \/>\n<meta property=\"og:locale\" content=\"fr_FR\" \/>\n<meta property=\"og:type\" content=\"article\" \/>\n<meta property=\"og:title\" content=\"Sac ceinture Hello le Monde - Babidule\" \/>\n<meta property=\"og:description\" content=\"Petit sac ceinture pour toujours avoir avec vous l&#039;essentiel. Il contient une grande poche zipp\u00e9e pour mettre vos papiers d&#039;identit\u00e9, une petite poche zipp\u00e9e pour la carte bleue, ticket de m\u00e9tro ... et la poche principale pour le t\u00e9l\u00e9phone et le porte monnaie. Cuir tannage v\u00e9g\u00e9tal. Sangle r\u00e9glable avec un mousqueton. Fermeture aimant\u00e9e. R\u00e9alis\u00e9 et teint\u00e9 \u00e0 la main, en Alsace.\" \/>\n<meta property=\"og:url\" content=\"https:\/\/www.babidule.fr\/?product=sac-ceinture-hello-le-monde\" \/>\n<meta property=\"og:site_name\" content=\"Babidule\" \/>\n<meta property=\"article:publisher\" content=\"https:\/\/www.facebook.com\/babidulecreations\/\" \/>\n<meta property=\"article:modified_time\" content=\"2021-06-09T15:59:57+00:00\" \/>\n<meta property=\"og:image\" content=\"https:\/\/www.babidule.fr\/wp-content\/uploads\/2021\/06\/7-3.jpg\" \/>\n\t<meta property=\"og:image:width\" content=\"1000\" \/>\n\t<meta property=\"og:image:height\" content=\"1000\" \/>\n\t<meta property=\"og:image:type\" content=\"image\/jpeg\" \/>\n<meta name=\"twitter:card\" content=\"summary_large_image\" \/>\n<meta name=\"twitter:label1\" content=\"Dur\u00e9e de lecture estim\u00e9e\" \/>\n\t<meta name=\"twitter:data1\" content=\"1 minute\" \/>\n<script type=\"application\/ld+json\" class=\"yoast-schema-graph\">{\"@context\":\"https:\/\/schema.org\",\"@graph\":[{\"@type\":\"Organization\",\"@id\":\"https:\/\/www.babidule.fr\/#organization\",\"name\":\"Babidule Cr\\u00e9ations\",\"url\":\"https:\/\/www.babidule.fr\/\",\"sameAs\":[\"https:\/\/www.facebook.com\/babidulecreations\/\",\"https:\/\/www.instagram.com\/babidule_creations\/\",\"https:\/\/www.pinterest.fr\/babidule\/\"],\"logo\":{\"@type\":\"ImageObject\",\"@id\":\"https:\/\/www.babidule.fr\/#logo\",\"inLanguage\":\"fr-FR\",\"url\":\"https:\/\/www.babidule.fr\/wp-content\/uploads\/2020\/10\/logoNB766-px.png\",\"contentUrl\":\"https:\/\/www.babidule.fr\/wp-content\/uploads\/2020\/10\/logoNB766-px.png\",\"width\":766,\"height\":351,\"caption\":\"Babidule Cr\\u00e9ations\"},\"image\":{\"@id\":\"https:\/\/www.babidule.fr\/#logo\"}},{\"@type\":\"WebSite\",\"@id\":\"https:\/\/www.babidule.fr\/#website\",\"url\":\"https:\/\/www.babidule.fr\/\",\"name\":\"Babidule\",\"description\":\"Cr\\u00e9ations\",\"publisher\":{\"@id\":\"https:\/\/www.babidule.fr\/#organization\"},\"potentialAction\":[{\"@type\":\"SearchAction\",\"target\":{\"@type\":\"EntryPoint\",\"urlTemplate\":\"https:\/\/www.babidule.fr\/?s={search_term_string}\"},\"query-input\":\"required name=search_term_string\"}],\"inLanguage\":\"fr-FR\"},{\"@type\":\"ImageObject\",\"@id\":\"https:\/\/www.babidule.fr\/?product=sac-ceinture-hello-le-monde#primaryimage\",\"inLanguage\":\"fr-FR\",\"url\":\"https:\/\/www.babidule.fr\/wp-content\/uploads\/2021\/06\/7-3.jpg\",\"contentUrl\":\"https:\/\/www.babidule.fr\/wp-content\/uploads\/2021\/06\/7-3.jpg\",\"width\":1000,\"height\":1000},{\"@type\":\"WebPage\",\"@id\":\"https:\/\/www.babidule.fr\/?product=sac-ceinture-hello-le-monde#webpage\",\"url\":\"https:\/\/www.babidule.fr\/?product=sac-ceinture-hello-le-monde\",\"name\":\"Sac ceinture Hello le Monde - Babidule\",\"isPartOf\":{\"@id\":\"https:\/\/www.babidule.fr\/#website\"},\"primaryImageOfPage\":{\"@id\":\"https:\/\/www.babidule.fr\/?product=sac-ceinture-hello-le-monde#primaryimage\"},\"datePublished\":\"2021-06-09T14:45:14+00:00\",\"dateModified\":\"2021-06-09T15:59:57+00:00\",\"breadcrumb\":{\"@id\":\"https:\/\/www.babidule.fr\/?product=sac-ceinture-hello-le-monde#breadcrumb\"},\"inLanguage\":\"fr-FR\",\"potentialAction\":[{\"@type\":\"ReadAction\",\"target\":[\"https:\/\/www.babidule.fr\/?product=sac-ceinture-hello-le-monde\"]}]},{\"@type\":\"BreadcrumbList\",\"@id\":\"https:\/\/www.babidule.fr\/?product=sac-ceinture-hello-le-monde#breadcrumb\",\"itemListElement\":[{\"@type\":\"ListItem\",\"position\":1,\"name\":\"Accueil\",\"item\":\"https:\/\/www.babidule.fr\/\"},{\"@type\":\"ListItem\",\"position\":2,\"name\":\"Produits\",\"item\":\"https:\/\/www.babidule.fr\/?post_type=product\"},{\"@type\":\"ListItem\",\"position\":3,\"name\":\"Sac ceinture Hello le Monde\"}]}]}<\/script>\n<!-- \/ Yoast SEO plugin. -->","yoast_head_json":{"title":"Sac ceinture Hello le Monde - Babidule","robots":{"index":"index","follow":"follow","max-snippet":"max-snippet:-1","max-image-preview":"max-image-preview:large","max-video-preview":"max-video-preview:-1"},"canonical":"https:\/\/www.babidule.fr\/?product=sac-ceinture-hello-le-monde","og_locale":"fr_FR","og_type":"article","og_title":"Sac ceinture Hello le Monde - Babidule","og_description":"Petit sac ceinture pour toujours avoir avec vous l'essentiel. Il contient une grande poche zipp\u00e9e pour mettre vos papiers d'identit\u00e9, une petite poche zipp\u00e9e pour la carte bleue, ticket de m\u00e9tro ... et la poche principale pour le t\u00e9l\u00e9phone et le porte monnaie. Cuir tannage v\u00e9g\u00e9tal. Sangle r\u00e9glable avec un mousqueton. Fermeture aimant\u00e9e. R\u00e9alis\u00e9 et teint\u00e9 \u00e0 la main, en Alsace.","og_url":"https:\/\/www.babidule.fr\/?product=sac-ceinture-hello-le-monde","og_site_name":"Babidule","article_publisher":"https:\/\/www.facebook.com\/babidulecreations\/","article_modified_time":"2021-06-09T15:59:57+00:00","og_image":[{"width":1000,"height":1000,"url":"https:\/\/www.babidule.fr\/wp-content\/uploads\/2021\/06\/7-3.jpg","type":"image\/jpeg"}],"twitter_card":"summary_large_image","twitter_misc":{"Dur\u00e9e de lecture estim\u00e9e":"1 minute"},"schema":{"@context":"https:\/\/schema.org","@graph":[{"@type":"Organization","@id":"https:\/\/www.babidule.fr\/#organization","name":"Babidule Cr\u00e9ations","url":"https:\/\/www.babidule.fr\/","sameAs":["https:\/\/www.facebook.com\/babidulecreations\/","https:\/\/www.instagram.com\/babidule_creations\/","https:\/\/www.pinterest.fr\/babidule\/"],"logo":{"@type":"ImageObject","@id":"https:\/\/www.babidule.fr\/#logo","inLanguage":"fr-FR","url":"https:\/\/www.babidule.fr\/wp-content\/uploads\/2020\/10\/logoNB766-px.png","contentUrl":"https:\/\/www.babidule.fr\/wp-content\/uploads\/2020\/10\/logoNB766-px.png","width":766,"height":351,"caption":"Babidule Cr\u00e9ations"},"image":{"@id":"https:\/\/www.babidule.fr\/#logo"}},{"@type":"WebSite","@id":"https:\/\/www.babidule.fr\/#website","url":"https:\/\/www.babidule.fr\/","name":"Babidule","description":"Cr\u00e9ations","publisher":{"@id":"https:\/\/www.babidule.fr\/#organization"},"potentialAction":[{"@type":"SearchAction","target":{"@type":"EntryPoint","urlTemplate":"https:\/\/www.babidule.fr\/?s={search_term_string}"},"query-input":"required name=search_term_string"}],"inLanguage":"fr-FR"},{"@type":"ImageObject","@id":"https:\/\/www.babidule.fr\/?product=sac-ceinture-hello-le-monde#primaryimage","inLanguage":"fr-FR","url":"https:\/\/www.babidule.fr\/wp-content\/uploads\/2021\/06\/7-3.jpg","contentUrl":"https:\/\/www.babidule.fr\/wp-content\/uploads\/2021\/06\/7-3.jpg","width":1000,"height":1000},{"@type":"WebPage","@id":"https:\/\/www.babidule.fr\/?product=sac-ceinture-hello-le-monde#webpage","url":"https:\/\/www.babidule.fr\/?product=sac-ceinture-hello-le-monde","name":"Sac ceinture Hello le Monde - Babidule","isPartOf":{"@id":"https:\/\/www.babidule.fr\/#website"},"primaryImageOfPage":{"@id":"https:\/\/www.babidule.fr\/?product=sac-ceinture-hello-le-monde#primaryimage"},"datePublished":"2021-06-09T14:45:14+00:00","dateModified":"2021-06-09T15:59:57+00:00","breadcrumb":{"@id":"https:\/\/www.babidule.fr\/?product=sac-ceinture-hello-le-monde#breadcrumb"},"inLanguage":"fr-FR","potentialAction":[{"@type":"ReadAction","target":["https:\/\/www.babidule.fr\/?product=sac-ceinture-hello-le-monde"]}]},{"@type":"BreadcrumbList","@id":"https:\/\/www.babidule.fr\/?product=sac-ceinture-hello-le-monde#breadcrumb","itemListElement":[{"@type":"ListItem","position":1,"name":"Accueil","item":"https:\/\/www.babidule.fr\/"},{"@type":"ListItem","position":2,"name":"Produits","item":"https:\/\/www.babidule.fr\/?post_type=product"},{"@type":"ListItem","position":3,"name":"Sac ceinture Hello le Monde"}]}]}},"_links":{"self":[{"href":"https:\/\/www.babidule.fr\/index.php?rest_route=\/wp\/v2\/product\/1284"}],"collection":[{"href":"https:\/\/www.babidule.fr\/index.php?rest_route=\/wp\/v2\/product"}],"about":[{"href":"https:\/\/www.babidule.fr\/index.php?rest_route=\/wp\/v2\/types\/product"}],"replies":[{"embeddable":true,"href":"https:\/\/www.babidule.fr\/index.php?rest_route=%2Fwp%2Fv2%2Fcomments&post=1284"}],"version-history":[{"count":1,"href":"https:\/\/www.babidule.fr\/index.php?rest_route=\/wp\/v2\/product\/1284\/revisions"}],"predecessor-version":[{"id":1285,"href":"https:\/\/www.babidule.fr\/index.php?rest_route=\/wp\/v2\/product\/1284\/revisions\/1285"}],"wp:featuredmedia":[{"embeddable":true,"href":"https:\/\/www.babidule.fr\/index.php?rest_route=\/wp\/v2\/media\/1295"}],"wp:attachment":[{"href":"https:\/\/www.babidule.fr\/index.php?rest_route=%2Fwp%2Fv2%2Fmedia&parent=1284"}],"wp:term":[{"taxonomy":"product_cat","embeddable":true,"href":"https:\/\/www.babidule.fr\/index.php?rest_route=%2Fwp%2Fv2%2Fproduct_cat&post=1284"},{"taxonomy":"product_tag","embeddable":true,"href":"https:\/\/www.babidule.fr\/index.php?rest_route=%2Fwp%2Fv2%2Fproduct_tag&post=1284"}],"curies":[{"name":"wp","href":"https:\/\/api.w.org\/{rel}","templated":true}]}}