{"id":428,"date":"2020-10-15T10:25:26","date_gmt":"2020-10-15T08:25:26","guid":{"rendered":"https:\/\/www.babidule.fr\/?page_id=428"},"modified":"2020-10-15T10:25:27","modified_gmt":"2020-10-15T08:25:27","slug":"mentions-legales","status":"publish","type":"page","link":"https:\/\/www.babidule.fr\/?page_id=428","title":{"rendered":"Mentions l\u00e9gales"},"content":{"rendered":"\n<h2>Identification et publication<\/h2>\n\n\n\n<h3>Editeur<\/h3>\n\n\n\n<p>Ce site est publi\u00e9 par l&rsquo;entreprise Babidule Cr\u00e9ations,&nbsp;micro entreprise, immatricul\u00e9e \u00e0 Mutzig sous le num\u00e9ro<strong><em>&nbsp;<\/em><\/strong>RCS 888&nbsp;920&nbsp;675<strong><em>&nbsp;<\/em><\/strong>dont le si\u00e8ge social est&nbsp;7 rue du mar\u00e9chal Foch 67190 Mutzig.<br><br>Directeur de la publication :&nbsp;Jenny PERY<\/p>\n\n\n\n<h3>H\u00e9bergeur<\/h3>\n\n\n\n<p>Ce site est h\u00e9berg\u00e9 par OVH, immatricul\u00e9e \u00e0 Lille sous le num\u00e9ro RCS 424&nbsp;761 419 et dont le si\u00e8ge social est 2 rue Kellermann 59100 Roubaix.<\/p>\n\n\n\n<h2>Propri\u00e9t\u00e9 intellectuelle<\/h2>\n\n\n\n<p>Ce site est la propri\u00e9t\u00e9 exclusive de Babidule Cr\u00e9ations, ainsi que tout ce qui le compose : textes, photos, images, cr\u00e9ations et logos.<\/p>\n\n\n\n<p>Toute reproduction ou repr\u00e9sentation totale ou partielle de ce site par quelque proc\u00e9d\u00e9 que ce soit,&nbsp;&nbsp;sans l&rsquo;autorisation expresse de Babidule Cr\u00e9ations est interdite et constituerait une contrefa\u00e7on sanctionn\u00e9e par les articles L 335-2 et suivants du Code de la propri\u00e9t\u00e9 intellectuelle.&nbsp;<\/p>\n\n\n\n<h2>Collecte et utilisation des donn\u00e9es \u00e0 caract\u00e8re personnel<\/h2>\n\n\n\n<p>La collecte des donn\u00e9es \u00e0 caract\u00e8re personnel pour les prestations propos\u00e9es par le site&nbsp;https\/\/www.babidule.fr ainsi que leur traitement sont effectu\u00e9s dans le respect de la loi \u00ab Informatique, Fichiers et Libert\u00e9s \u00bb du 6 janvier 1978 modifi\u00e9e et ses d\u00e9crets d\u2019application.<br><br>La collecte des donn\u00e9es \u00e0 caract\u00e8re personnel concernant les utilisateurs du site&nbsp;Babidule Cr\u00e9ations&nbsp;a pour finalit\u00e9s principales l\u2019identification des utilisateurs pour la fourniture des services et prestations propos\u00e9s sur le site.<br><br>Les donn\u00e9es r\u00e9colt\u00e9es ne sont jamais transmis \u00e0 des tiers sauf si le client a donn\u00e9 son consentement pr\u00e9alable et ce sous r\u00e9serve que les tiers se soient clairement engag\u00e9s \u00e0 respecter toutes les dispositions de la Loi du 6 janvier 1978 modifi\u00e9e.<br><br>En application de la loi, toute personne ayant transmis des donn\u00e9es \u00e0 caract\u00e8re personnel dispose d\u2019un droit d\u2019acc\u00e8s, de rectification et de suppression des donn\u00e9es ainsi que d\u2019un droit d\u2019opposition au traitement des donn\u00e9es \u00e0 caract\u00e8re personnel la concernant.<br>A tout moment, vous pouvez demander \u00e0 exercer ce droit en contactant<strong><em>&nbsp;<\/em><\/strong>Babidule Cr\u00e9ations.<br><br>Les visiteurs du site sont inform\u00e9s que pour les besoins de la navigation sur le site&nbsp;https\/\/www.babidule.fr,&nbsp; Babidule Cr\u00e9ations peut avoir recours \u00e0 la collecte automatique de certaines informations relatives aux utilisateurs \u00e0 l&rsquo;aide des cookies. Si l&rsquo;utilisateur du site ne souhaite pas l\u2019utilisation de cookies par&nbsp;Babidule Cr\u00e9ations, il peut refuser l\u2019activation des cookies par le biais des options propos\u00e9s par son navigateur internet. Pour des raisons techniques, si l&rsquo;utilisateur d\u00e9sactive les cookies dans son navigateur, certaines prestations propos\u00e9es sur le site https\/\/www.babidule.fr pourront ne pas lui \u00eatre accessibles.<br><br><br>Mentions l\u00e9gales cr\u00e9\u00e9es le&nbsp;<strong><em>12\/10\/2020<\/em><\/strong>.<\/p>\n","protected":false},"excerpt":{"rendered":"<p>Identification et publication Editeur Ce site est publi\u00e9 par l&rsquo;entreprise Babidule Cr\u00e9ations,&nbsp;micro entreprise, immatricul\u00e9e \u00e0 Mutzig sous le num\u00e9ro&nbsp;RCS 888&nbsp;920&nbsp;675&nbsp;dont le si\u00e8ge social est&nbsp;7 rue du mar\u00e9chal Foch 67190 Mutzig. [&hellip;]<\/p>\n","protected":false},"author":1,"featured_media":0,"parent":0,"menu_order":0,"comment_status":"closed","ping_status":"closed","template":"","meta":[],"yoast_head":"<!-- This site is optimized with the Yoast SEO plugin v17.9 - https:\/\/yoast.com\/wordpress\/plugins\/seo\/ -->\n<title>Mentions l\u00e9gales - Babidule<\/title>\n<meta name=\"robots\" content=\"index, follow, max-snippet:-1, max-image-preview:large, max-video-preview:-1\" \/>\n<link rel=\"canonical\" href=\"https:\/\/www.babidule.fr\/?page_id=428\" \/>\n<meta property=\"og:locale\" content=\"fr_FR\" \/>\n<meta property=\"og:type\" content=\"article\" \/>\n<meta property=\"og:title\" content=\"Mentions l\u00e9gales - Babidule\" \/>\n<meta property=\"og:description\" content=\"Identification et publication Editeur Ce site est publi\u00e9 par l&rsquo;entreprise Babidule Cr\u00e9ations,&nbsp;micro entreprise, immatricul\u00e9e \u00e0 Mutzig sous le num\u00e9ro&nbsp;RCS 888&nbsp;920&nbsp;675&nbsp;dont le si\u00e8ge social est&nbsp;7 rue du mar\u00e9chal Foch 67190 Mutzig. [&hellip;]\" \/>\n<meta property=\"og:url\" content=\"https:\/\/www.babidule.fr\/?page_id=428\" \/>\n<meta property=\"og:site_name\" content=\"Babidule\" \/>\n<meta property=\"article:publisher\" content=\"https:\/\/www.facebook.com\/babidulecreations\/\" \/>\n<meta property=\"article:modified_time\" content=\"2020-10-15T08:25:27+00:00\" \/>\n<meta property=\"og:image\" content=\"https:\/\/www.babidule.fr\/wp-content\/uploads\/2020\/10\/logoNB766-px.png\" \/>\n\t<meta property=\"og:image:width\" content=\"766\" \/>\n\t<meta property=\"og:image:height\" content=\"351\" \/>\n\t<meta property=\"og:image:type\" content=\"image\/png\" \/>\n<meta name=\"twitter:card\" content=\"summary_large_image\" \/>\n<meta name=\"twitter:label1\" content=\"Dur\u00e9e de lecture estim\u00e9e\" \/>\n\t<meta name=\"twitter:data1\" content=\"2 minutes\" \/>\n<script type=\"application\/ld+json\" class=\"yoast-schema-graph\">{\"@context\":\"https:\/\/schema.org\",\"@graph\":[{\"@type\":\"Organization\",\"@id\":\"https:\/\/www.babidule.fr\/#organization\",\"name\":\"Babidule Cr\\u00e9ations\",\"url\":\"https:\/\/www.babidule.fr\/\",\"sameAs\":[\"https:\/\/www.facebook.com\/babidulecreations\/\",\"https:\/\/www.instagram.com\/babidule_creations\/\",\"https:\/\/www.pinterest.fr\/babidule\/\"],\"logo\":{\"@type\":\"ImageObject\",\"@id\":\"https:\/\/www.babidule.fr\/#logo\",\"inLanguage\":\"fr-FR\",\"url\":\"https:\/\/www.babidule.fr\/wp-content\/uploads\/2020\/10\/logoNB766-px.png\",\"contentUrl\":\"https:\/\/www.babidule.fr\/wp-content\/uploads\/2020\/10\/logoNB766-px.png\",\"width\":766,\"height\":351,\"caption\":\"Babidule Cr\\u00e9ations\"},\"image\":{\"@id\":\"https:\/\/www.babidule.fr\/#logo\"}},{\"@type\":\"WebSite\",\"@id\":\"https:\/\/www.babidule.fr\/#website\",\"url\":\"https:\/\/www.babidule.fr\/\",\"name\":\"Babidule\",\"description\":\"Cr\\u00e9ations\",\"publisher\":{\"@id\":\"https:\/\/www.babidule.fr\/#organization\"},\"potentialAction\":[{\"@type\":\"SearchAction\",\"target\":{\"@type\":\"EntryPoint\",\"urlTemplate\":\"https:\/\/www.babidule.fr\/?s={search_term_string}\"},\"query-input\":\"required name=search_term_string\"}],\"inLanguage\":\"fr-FR\"},{\"@type\":\"WebPage\",\"@id\":\"https:\/\/www.babidule.fr\/?page_id=428#webpage\",\"url\":\"https:\/\/www.babidule.fr\/?page_id=428\",\"name\":\"Mentions l\\u00e9gales - Babidule\",\"isPartOf\":{\"@id\":\"https:\/\/www.babidule.fr\/#website\"},\"datePublished\":\"2020-10-15T08:25:26+00:00\",\"dateModified\":\"2020-10-15T08:25:27+00:00\",\"breadcrumb\":{\"@id\":\"https:\/\/www.babidule.fr\/?page_id=428#breadcrumb\"},\"inLanguage\":\"fr-FR\",\"potentialAction\":[{\"@type\":\"ReadAction\",\"target\":[\"https:\/\/www.babidule.fr\/?page_id=428\"]}]},{\"@type\":\"BreadcrumbList\",\"@id\":\"https:\/\/www.babidule.fr\/?page_id=428#breadcrumb\",\"itemListElement\":[{\"@type\":\"ListItem\",\"position\":1,\"name\":\"Accueil\",\"item\":\"https:\/\/www.babidule.fr\/\"},{\"@type\":\"ListItem\",\"position\":2,\"name\":\"Mentions l\\u00e9gales\"}]}]}<\/script>\n<!-- \/ Yoast SEO plugin. -->","yoast_head_json":{"title":"Mentions l\u00e9gales - Babidule","robots":{"index":"index","follow":"follow","max-snippet":"max-snippet:-1","max-image-preview":"max-image-preview:large","max-video-preview":"max-video-preview:-1"},"canonical":"https:\/\/www.babidule.fr\/?page_id=428","og_locale":"fr_FR","og_type":"article","og_title":"Mentions l\u00e9gales - Babidule","og_description":"Identification et publication Editeur Ce site est publi\u00e9 par l&rsquo;entreprise Babidule Cr\u00e9ations,&nbsp;micro entreprise, immatricul\u00e9e \u00e0 Mutzig sous le num\u00e9ro&nbsp;RCS 888&nbsp;920&nbsp;675&nbsp;dont le si\u00e8ge social est&nbsp;7 rue du mar\u00e9chal Foch 67190 Mutzig. [&hellip;]","og_url":"https:\/\/www.babidule.fr\/?page_id=428","og_site_name":"Babidule","article_publisher":"https:\/\/www.facebook.com\/babidulecreations\/","article_modified_time":"2020-10-15T08:25:27+00:00","og_image":[{"width":766,"height":351,"url":"https:\/\/www.babidule.fr\/wp-content\/uploads\/2020\/10\/logoNB766-px.png","type":"image\/png"}],"twitter_card":"summary_large_image","twitter_misc":{"Dur\u00e9e de lecture estim\u00e9e":"2 minutes"},"schema":{"@context":"https:\/\/schema.org","@graph":[{"@type":"Organization","@id":"https:\/\/www.babidule.fr\/#organization","name":"Babidule Cr\u00e9ations","url":"https:\/\/www.babidule.fr\/","sameAs":["https:\/\/www.facebook.com\/babidulecreations\/","https:\/\/www.instagram.com\/babidule_creations\/","https:\/\/www.pinterest.fr\/babidule\/"],"logo":{"@type":"ImageObject","@id":"https:\/\/www.babidule.fr\/#logo","inLanguage":"fr-FR","url":"https:\/\/www.babidule.fr\/wp-content\/uploads\/2020\/10\/logoNB766-px.png","contentUrl":"https:\/\/www.babidule.fr\/wp-content\/uploads\/2020\/10\/logoNB766-px.png","width":766,"height":351,"caption":"Babidule Cr\u00e9ations"},"image":{"@id":"https:\/\/www.babidule.fr\/#logo"}},{"@type":"WebSite","@id":"https:\/\/www.babidule.fr\/#website","url":"https:\/\/www.babidule.fr\/","name":"Babidule","description":"Cr\u00e9ations","publisher":{"@id":"https:\/\/www.babidule.fr\/#organization"},"potentialAction":[{"@type":"SearchAction","target":{"@type":"EntryPoint","urlTemplate":"https:\/\/www.babidule.fr\/?s={search_term_string}"},"query-input":"required name=search_term_string"}],"inLanguage":"fr-FR"},{"@type":"WebPage","@id":"https:\/\/www.babidule.fr\/?page_id=428#webpage","url":"https:\/\/www.babidule.fr\/?page_id=428","name":"Mentions l\u00e9gales - Babidule","isPartOf":{"@id":"https:\/\/www.babidule.fr\/#website"},"datePublished":"2020-10-15T08:25:26+00:00","dateModified":"2020-10-15T08:25:27+00:00","breadcrumb":{"@id":"https:\/\/www.babidule.fr\/?page_id=428#breadcrumb"},"inLanguage":"fr-FR","potentialAction":[{"@type":"ReadAction","target":["https:\/\/www.babidule.fr\/?page_id=428"]}]},{"@type":"BreadcrumbList","@id":"https:\/\/www.babidule.fr\/?page_id=428#breadcrumb","itemListElement":[{"@type":"ListItem","position":1,"name":"Accueil","item":"https:\/\/www.babidule.fr\/"},{"@type":"ListItem","position":2,"name":"Mentions l\u00e9gales"}]}]}},"_links":{"self":[{"href":"https:\/\/www.babidule.fr\/index.php?rest_route=\/wp\/v2\/pages\/428"}],"collection":[{"href":"https:\/\/www.babidule.fr\/index.php?rest_route=\/wp\/v2\/pages"}],"about":[{"href":"https:\/\/www.babidule.fr\/index.php?rest_route=\/wp\/v2\/types\/page"}],"author":[{"embeddable":true,"href":"https:\/\/www.babidule.fr\/index.php?rest_route=\/wp\/v2\/users\/1"}],"replies":[{"embeddable":true,"href":"https:\/\/www.babidule.fr\/index.php?rest_route=%2Fwp%2Fv2%2Fcomments&post=428"}],"version-history":[{"count":3,"href":"https:\/\/www.babidule.fr\/index.php?rest_route=\/wp\/v2\/pages\/428\/revisions"}],"predecessor-version":[{"id":499,"href":"https:\/\/www.babidule.fr\/index.php?rest_route=\/wp\/v2\/pages\/428\/revisions\/499"}],"wp:attachment":[{"href":"https:\/\/www.babidule.fr\/index.php?rest_route=%2Fwp%2Fv2%2Fmedia&parent=428"}],"curies":[{"name":"wp","href":"https:\/\/api.w.org\/{rel}","templated":true}]}}