{"id":117,"date":"2020-09-08T09:11:46","date_gmt":"2020-09-08T07:11:46","guid":{"rendered":"https:\/\/www.babidule.fr\/?page_id=117"},"modified":"2025-06-13T08:38:34","modified_gmt":"2025-06-13T06:38:34","slug":"page-daccueil","status":"publish","type":"page","link":"https:\/\/www.babidule.fr\/","title":{"rendered":"Page d&rsquo;accueil"},"content":{"rendered":"\n<hr class=\"wp-block-separator has-css-opacity is-style-wide\"\/>\n\n\n\n<p class=\"has-text-align-center\"><strong><span style=\"background-color:rgba(0, 0, 0, 0);color:#ff6900\" class=\"has-inline-color has-luminous-vivid-orange-color\">La boutique en ligne est temporairement ferm\u00e9. Merci de votre compr\u00e9hension.<\/span><\/strong><\/p>\n\n\n\n<hr class=\"wp-block-separator has-css-opacity is-style-wide\"\/>\n\n\n\n<div class=\"wp-block-media-text alignwide is-stacked-on-mobile is-vertically-aligned-center has-white-background-color has-background\" style=\"grid-template-columns:39% auto\"><figure class=\"wp-block-media-text__media\"><a href=\"https:\/\/www.babidule.fr\/?product_cat=collection-hello-le-monde\"><img loading=\"lazy\" width=\"1000\" height=\"750\" src=\"https:\/\/www.babidule.fr\/wp-content\/uploads\/2021\/06\/1-2-1.jpg\" alt=\"\" class=\"wp-image-1307 size-full\" srcset=\"https:\/\/www.babidule.fr\/wp-content\/uploads\/2021\/06\/1-2-1.jpg 1000w, https:\/\/www.babidule.fr\/wp-content\/uploads\/2021\/06\/1-2-1-300x225.jpg 300w, https:\/\/www.babidule.fr\/wp-content\/uploads\/2021\/06\/1-2-1-768x576.jpg 768w, https:\/\/www.babidule.fr\/wp-content\/uploads\/2021\/06\/1-2-1-416x312.jpg 416w\" sizes=\"(max-width: 1000px) 100vw, 1000px\" \/><\/a><\/figure><div class=\"wp-block-media-text__content\">\n<p class=\"has-large-font-size\">La <strong>nouvelle<\/strong> collection de Babidule Cr\u00e9ations est arriv\u00e9e, <a href=\"https:\/\/www.babidule.fr\/?product_cat=collection-hello-le-monde\">Hello le Monde<\/a>.<\/p>\n\n\n\n<p>Il est temps de voyager !<\/p>\n<\/div><\/div>\n\n\n\n<div style=\"height:20px\" aria-hidden=\"true\" class=\"wp-block-spacer\"><\/div>\n\n\n\n<hr class=\"wp-block-separator has-text-color has-black-color has-css-opacity has-black-background-color has-background is-style-wide\"\/>\n\n\n<div data-block-name=\"woocommerce\/featured-category\" data-edit-mode=\"false\" data-focal-point=\"{&quot;x&quot;:&quot;0.47&quot;,&quot;y&quot;:&quot;0.93&quot;}\" data-media-id=\"867\" data-media-src=\"https:\/\/www.babidule.fr\/wp-content\/uploads\/2020\/11\/107-scaled.jpg\" data-category-id=\"50\" class=\"wc-block-featured-category alignnone has-background-dim\" style=\"background-image:url(https:\/\/www.babidule.fr\/wp-content\/uploads\/2020\/11\/107-1024x1024.jpg);min-height:500px;background-position: 47% 93%\"><div class=\"wc-block-featured-category__wrapper\"><h2 class=\"wc-block-featured-category__title\">Boutique<\/h2><div class=\"wc-block-featured-category__description\"><\/div><div class=\"wc-block-featured-category__link\">\n\n<div class=\"wp-block-button aligncenter is-style-outline\"><a class=\"wp-block-button__link has-white-color has-text-color\" href=\"https:\/\/www.babidule.fr\/?page_id=457\" style=\"border-radius:10px\">DECOUVRIR<\/a><\/div>\n\n<\/div><\/div><\/div>\n\n\n<hr class=\"wp-block-separator has-text-color has-black-color has-css-opacity has-black-background-color has-background is-style-wide\"\/>\n\n\n\n<div class=\"wp-block-media-text alignwide has-media-on-the-right is-stacked-on-mobile has-white-background-color has-background\" style=\"grid-template-columns:auto 40%\"><figure class=\"wp-block-media-text__media\"><a href=\"https:\/\/www.babidule.fr\/?page_id=232\"><img loading=\"lazy\" width=\"1024\" height=\"768\" src=\"https:\/\/www.babidule.fr\/wp-content\/uploads\/2020\/10\/20200824_143205copie-1024x768.jpg\" alt=\"\" class=\"wp-image-483 size-full\" srcset=\"https:\/\/www.babidule.fr\/wp-content\/uploads\/2020\/10\/20200824_143205copie-1024x768.jpg 1024w, https:\/\/www.babidule.fr\/wp-content\/uploads\/2020\/10\/20200824_143205copie-300x225.jpg 300w, https:\/\/www.babidule.fr\/wp-content\/uploads\/2020\/10\/20200824_143205copie-768x576.jpg 768w, https:\/\/www.babidule.fr\/wp-content\/uploads\/2020\/10\/20200824_143205copie-1536x1151.jpg 1536w, https:\/\/www.babidule.fr\/wp-content\/uploads\/2020\/10\/20200824_143205copie-416x312.jpg 416w, https:\/\/www.babidule.fr\/wp-content\/uploads\/2020\/10\/20200824_143205copie.jpg 1633w\" sizes=\"(max-width: 1024px) 100vw, 1024px\" \/><\/a><\/figure><div class=\"wp-block-media-text__content\">\n<p class=\"has-black-color has-text-color has-large-font-size\"> Une envie particuli\u00e8re ?<\/p>\n\n\n\n<p class=\"has-black-color has-text-color\">Mes produits sont enti\u00e8rement personnalisables, c&rsquo;est l&rsquo;avantage du fait main !<\/p>\n\n\n\n<p class=\"has-black-color has-text-color\">N&rsquo;h\u00e9sitez pas \u00e0 me <a href=\"https:\/\/www.babidule.fr\/?page_id=232\">contacter<\/a> pour me faire part de vos id\u00e9es. Je me ferai un plaisir de vous accompagner dans la d\u00e9finition de votre projet.<\/p>\n\n\n\n<p>Pour plus d&rsquo;informations et d\u00e9couvrir des cr\u00e9ations personnalis\u00e9es d\u00e9j\u00e0 r\u00e9alis\u00e9es, c&rsquo;est par <a href=\"https:\/\/www.babidule.fr\/?page_id=979\">ICI<\/a>.<\/p>\n<\/div><\/div>\n\n\n\n<hr class=\"wp-block-separator has-text-color has-black-color has-css-opacity has-black-background-color has-background is-style-wide\"\/>\n\n\n\n<div class=\"wp-block-media-text alignwide is-stacked-on-mobile has-black-color has-white-background-color has-text-color has-background\"><figure class=\"wp-block-media-text__media\"><a href=\"https:\/\/www.babidule.fr\/?page_id=457\"><img loading=\"lazy\" width=\"1024\" height=\"678\" src=\"https:\/\/www.babidule.fr\/wp-content\/uploads\/2020\/10\/Automne-20-1024x678.jpg\" alt=\"Collection AUTOMNAL\" class=\"wp-image-378 size-full\" srcset=\"https:\/\/www.babidule.fr\/wp-content\/uploads\/2020\/10\/Automne-20-1024x678.jpg 1024w, https:\/\/www.babidule.fr\/wp-content\/uploads\/2020\/10\/Automne-20-300x199.jpg 300w, https:\/\/www.babidule.fr\/wp-content\/uploads\/2020\/10\/Automne-20-768x509.jpg 768w, https:\/\/www.babidule.fr\/wp-content\/uploads\/2020\/10\/Automne-20-1536x1017.jpg 1536w, https:\/\/www.babidule.fr\/wp-content\/uploads\/2020\/10\/Automne-20-2048x1356.jpg 2048w, https:\/\/www.babidule.fr\/wp-content\/uploads\/2020\/10\/Automne-20-416x276.jpg 416w\" sizes=\"(max-width: 1024px) 100vw, 1024px\" \/><\/a><\/figure><div class=\"wp-block-media-text__content\">\n<p class=\"has-black-color has-text-color has-large-font-size\">Les collections de Babidule Cr\u00e9ations.<\/p>\n\n\n\n<p class=\"has-black-color has-text-color has-normal-font-size\">J&rsquo;ai \u00e0 c\u0153ur de vous pr\u00e9senter des cr\u00e9ations originales, pratiques et r\u00e9alis\u00e9es avec soin.<\/p>\n\n\n\n<p class=\"has-black-color has-text-color has-normal-font-size\">Toutes mes cr\u00e9ations sont r\u00e9alis\u00e9es par mes petites mains en Alsace, avec la volont\u00e9 d&rsquo;utiliser le plus possible des mati\u00e8res premi\u00e8res fran\u00e7aises et de valoriser les d\u00e9chets.<\/p>\n<\/div><\/div>\n\n\n\n<div style=\"height:20px\" aria-hidden=\"true\" class=\"wp-block-spacer\"><\/div>\n\n\n\n<div style=\"height:20px\" aria-hidden=\"true\" class=\"wp-block-spacer\"><\/div>\n\n\n\n<div class=\"wp-block-group\"><div class=\"wp-block-group__inner-container\">\n<hr class=\"wp-block-separator has-text-color has-black-color has-css-opacity has-black-background-color has-background is-style-wide\"\/>\n\n\n\n<p><\/p>\n<\/div><\/div>\n\n\n\n<div class=\"wp-block-columns\">\n<div class=\"wp-block-column\">\n<div class=\"wp-block-image size-large\"><figure class=\"alignleft\"><a href=\"https:\/\/www.babidule.fr\/?p=526\"><img loading=\"lazy\" width=\"502\" height=\"502\" src=\"https:\/\/www.babidule.fr\/wp-content\/uploads\/2020\/10\/FaitMain-@502pxBleu.png\" alt=\"\" class=\"wp-image-671\" srcset=\"https:\/\/www.babidule.fr\/wp-content\/uploads\/2020\/10\/FaitMain-@502pxBleu.png 502w, https:\/\/www.babidule.fr\/wp-content\/uploads\/2020\/10\/FaitMain-@502pxBleu-300x300.png 300w, https:\/\/www.babidule.fr\/wp-content\/uploads\/2020\/10\/FaitMain-@502pxBleu-150x150.png 150w, https:\/\/www.babidule.fr\/wp-content\/uploads\/2020\/10\/FaitMain-@502pxBleu-324x324.png 324w, https:\/\/www.babidule.fr\/wp-content\/uploads\/2020\/10\/FaitMain-@502pxBleu-416x416.png 416w, https:\/\/www.babidule.fr\/wp-content\/uploads\/2020\/10\/FaitMain-@502pxBleu-100x100.png 100w\" sizes=\"(max-width: 502px) 100vw, 502px\" \/><\/a><\/figure><\/div>\n<\/div>\n\n\n\n<div class=\"wp-block-column\">\n<div class=\"wp-block-image size-large\"><figure class=\"alignleft\"><a href=\"https:\/\/www.babidule.fr\/?p=503\"><img loading=\"lazy\" width=\"502\" height=\"502\" src=\"https:\/\/www.babidule.fr\/wp-content\/uploads\/2020\/10\/cuirTannageVegetal-@502pxBlanc.png\" alt=\"\" class=\"wp-image-673\" srcset=\"https:\/\/www.babidule.fr\/wp-content\/uploads\/2020\/10\/cuirTannageVegetal-@502pxBlanc.png 502w, https:\/\/www.babidule.fr\/wp-content\/uploads\/2020\/10\/cuirTannageVegetal-@502pxBlanc-300x300.png 300w, https:\/\/www.babidule.fr\/wp-content\/uploads\/2020\/10\/cuirTannageVegetal-@502pxBlanc-150x150.png 150w, https:\/\/www.babidule.fr\/wp-content\/uploads\/2020\/10\/cuirTannageVegetal-@502pxBlanc-324x324.png 324w, https:\/\/www.babidule.fr\/wp-content\/uploads\/2020\/10\/cuirTannageVegetal-@502pxBlanc-416x416.png 416w, https:\/\/www.babidule.fr\/wp-content\/uploads\/2020\/10\/cuirTannageVegetal-@502pxBlanc-100x100.png 100w\" sizes=\"(max-width: 502px) 100vw, 502px\" \/><\/a><\/figure><\/div>\n<\/div>\n\n\n\n<div class=\"wp-block-column\">\n<div class=\"wp-block-image size-large\"><figure class=\"alignleft\"><a href=\"https:\/\/www.babidule.fr\/?p=511\"><img loading=\"lazy\" width=\"502\" height=\"502\" src=\"https:\/\/www.babidule.fr\/wp-content\/uploads\/2020\/10\/MadeInFrance-@502pxRouge-1.png\" alt=\"\" class=\"wp-image-675\" srcset=\"https:\/\/www.babidule.fr\/wp-content\/uploads\/2020\/10\/MadeInFrance-@502pxRouge-1.png 502w, https:\/\/www.babidule.fr\/wp-content\/uploads\/2020\/10\/MadeInFrance-@502pxRouge-1-300x300.png 300w, https:\/\/www.babidule.fr\/wp-content\/uploads\/2020\/10\/MadeInFrance-@502pxRouge-1-150x150.png 150w, https:\/\/www.babidule.fr\/wp-content\/uploads\/2020\/10\/MadeInFrance-@502pxRouge-1-324x324.png 324w, https:\/\/www.babidule.fr\/wp-content\/uploads\/2020\/10\/MadeInFrance-@502pxRouge-1-416x416.png 416w, https:\/\/www.babidule.fr\/wp-content\/uploads\/2020\/10\/MadeInFrance-@502pxRouge-1-100x100.png 100w\" sizes=\"(max-width: 502px) 100vw, 502px\" \/><\/a><\/figure><\/div>\n<\/div>\n<\/div>\n\n\n\n<hr class=\"wp-block-separator has-text-color has-black-color has-css-opacity has-black-background-color has-background is-style-wide\"\/>\n\n\n\n<ul class=\"wp-block-social-links aligncenter\"><li class=\"wp-social-link wp-social-link-facebook logosociale logosociale wp-block-social-link\"><a href=\"https:\/\/www.facebook.com\/babidulecreations\/\" aria-label=\"Facebook\u00a0: https:\/\/www.facebook.com\/babidulecreations\/\"  class=\"wp-block-social-link-anchor\"> <svg width=\"24\" height=\"24\" viewBox=\"0 0 24 24\" version=\"1.1\" xmlns=\"http:\/\/www.w3.org\/2000\/svg\" role=\"img\" aria-hidden=\"true\" focusable=\"false\"><path d=\"M12 2C6.5 2 2 6.5 2 12c0 5 3.7 9.1 8.4 9.9v-7H7.9V12h2.5V9.8c0-2.5 1.5-3.9 3.8-3.9 1.1 0 2.2.2 2.2.2v2.5h-1.3c-1.2 0-1.6.8-1.6 1.6V12h2.8l-.4 2.9h-2.3v7C18.3 21.1 22 17 22 12c0-5.5-4.5-10-10-10z\"><\/path><\/svg><\/a><\/li>\n\n<li class=\"wp-social-link wp-social-link-instagram logosociale logosociale wp-block-social-link\"><a href=\"https:\/\/www.instagram.com\/babidule_creations\/\" aria-label=\"Instagram\u00a0: https:\/\/www.instagram.com\/babidule_creations\/\"  class=\"wp-block-social-link-anchor\"> <svg width=\"24\" height=\"24\" viewBox=\"0 0 24 24\" version=\"1.1\" xmlns=\"http:\/\/www.w3.org\/2000\/svg\" role=\"img\" aria-hidden=\"true\" focusable=\"false\"><path d=\"M12,4.622c2.403,0,2.688,0.009,3.637,0.052c0.877,0.04,1.354,0.187,1.671,0.31c0.42,0.163,0.72,0.358,1.035,0.673 c0.315,0.315,0.51,0.615,0.673,1.035c0.123,0.317,0.27,0.794,0.31,1.671c0.043,0.949,0.052,1.234,0.052,3.637 s-0.009,2.688-0.052,3.637c-0.04,0.877-0.187,1.354-0.31,1.671c-0.163,0.42-0.358,0.72-0.673,1.035 c-0.315,0.315-0.615,0.51-1.035,0.673c-0.317,0.123-0.794,0.27-1.671,0.31c-0.949,0.043-1.233,0.052-3.637,0.052 s-2.688-0.009-3.637-0.052c-0.877-0.04-1.354-0.187-1.671-0.31c-0.42-0.163-0.72-0.358-1.035-0.673 c-0.315-0.315-0.51-0.615-0.673-1.035c-0.123-0.317-0.27-0.794-0.31-1.671C4.631,14.688,4.622,14.403,4.622,12 s0.009-2.688,0.052-3.637c0.04-0.877,0.187-1.354,0.31-1.671c0.163-0.42,0.358-0.72,0.673-1.035 c0.315-0.315,0.615-0.51,1.035-0.673c0.317-0.123,0.794-0.27,1.671-0.31C9.312,4.631,9.597,4.622,12,4.622 M12,3 C9.556,3,9.249,3.01,8.289,3.054C7.331,3.098,6.677,3.25,6.105,3.472C5.513,3.702,5.011,4.01,4.511,4.511 c-0.5,0.5-0.808,1.002-1.038,1.594C3.25,6.677,3.098,7.331,3.054,8.289C3.01,9.249,3,9.556,3,12c0,2.444,0.01,2.751,0.054,3.711 c0.044,0.958,0.196,1.612,0.418,2.185c0.23,0.592,0.538,1.094,1.038,1.594c0.5,0.5,1.002,0.808,1.594,1.038 c0.572,0.222,1.227,0.375,2.185,0.418C9.249,20.99,9.556,21,12,21s2.751-0.01,3.711-0.054c0.958-0.044,1.612-0.196,2.185-0.418 c0.592-0.23,1.094-0.538,1.594-1.038c0.5-0.5,0.808-1.002,1.038-1.594c0.222-0.572,0.375-1.227,0.418-2.185 C20.99,14.751,21,14.444,21,12s-0.01-2.751-0.054-3.711c-0.044-0.958-0.196-1.612-0.418-2.185c-0.23-0.592-0.538-1.094-1.038-1.594 c-0.5-0.5-1.002-0.808-1.594-1.038c-0.572-0.222-1.227-0.375-2.185-0.418C14.751,3.01,14.444,3,12,3L12,3z M12,7.378 c-2.552,0-4.622,2.069-4.622,4.622S9.448,16.622,12,16.622s4.622-2.069,4.622-4.622S14.552,7.378,12,7.378z M12,15 c-1.657,0-3-1.343-3-3s1.343-3,3-3s3,1.343,3,3S13.657,15,12,15z M16.804,6.116c-0.596,0-1.08,0.484-1.08,1.08 s0.484,1.08,1.08,1.08c0.596,0,1.08-0.484,1.08-1.08S17.401,6.116,16.804,6.116z\"><\/path><\/svg><\/a><\/li>\n\n<li class=\"wp-social-link wp-social-link-pinterest logosociale logosociale wp-block-social-link\"><a href=\"https:\/\/www.pinterest.fr\/babidule\" aria-label=\"Pinterest\u00a0: https:\/\/www.pinterest.fr\/babidule\"  class=\"wp-block-social-link-anchor\"> <svg width=\"24\" height=\"24\" viewBox=\"0 0 24 24\" version=\"1.1\" xmlns=\"http:\/\/www.w3.org\/2000\/svg\" role=\"img\" aria-hidden=\"true\" focusable=\"false\"><path d=\"M12.289,2C6.617,2,3.606,5.648,3.606,9.622c0,1.846,1.025,4.146,2.666,4.878c0.25,0.111,0.381,0.063,0.439-0.169 c0.044-0.175,0.267-1.029,0.365-1.428c0.032-0.128,0.017-0.237-0.091-0.362C6.445,11.911,6.01,10.75,6.01,9.668 c0-2.777,2.194-5.464,5.933-5.464c3.23,0,5.49,2.108,5.49,5.122c0,3.407-1.794,5.768-4.13,5.768c-1.291,0-2.257-1.021-1.948-2.277 c0.372-1.495,1.089-3.112,1.089-4.191c0-0.967-0.542-1.775-1.663-1.775c-1.319,0-2.379,1.309-2.379,3.059 c0,1.115,0.394,1.869,0.394,1.869s-1.302,5.279-1.54,6.261c-0.405,1.666,0.053,4.368,0.094,4.604 c0.021,0.126,0.167,0.169,0.25,0.063c0.129-0.165,1.699-2.419,2.142-4.051c0.158-0.59,0.817-2.995,0.817-2.995 c0.43,0.784,1.681,1.446,3.013,1.446c3.963,0,6.822-3.494,6.822-7.833C20.394,5.112,16.849,2,12.289,2\"><\/path><\/svg><\/a><\/li><\/ul>\n\n\n\n<h2 class=\"has-text-align-center wp-block-heading\">Une envie ? Une question ? <\/h2>\n\n\n<div role=\"form\" class=\"wpcf7\" id=\"wpcf7-f93-o1\" lang=\"fr-FR\" dir=\"ltr\">\n<div class=\"screen-reader-response\"><p role=\"status\" aria-live=\"polite\" aria-atomic=\"true\"><\/p> <ul><\/ul><\/div>\n<form action=\"\/index.php?rest_route=%2Fwp%2Fv2%2Fpages%2F117#wpcf7-f93-o1\" method=\"post\" class=\"wpcf7-form init\" novalidate=\"novalidate\" data-status=\"init\">\n<div style=\"display: none;\">\n<input type=\"hidden\" name=\"_wpcf7\" value=\"93\" \/>\n<input type=\"hidden\" name=\"_wpcf7_version\" value=\"5.5.3\" \/>\n<input type=\"hidden\" name=\"_wpcf7_locale\" value=\"fr_FR\" \/>\n<input type=\"hidden\" name=\"_wpcf7_unit_tag\" value=\"wpcf7-f93-o1\" \/>\n<input type=\"hidden\" name=\"_wpcf7_container_post\" value=\"0\" \/>\n<input type=\"hidden\" name=\"_wpcf7_posted_data_hash\" value=\"\" \/>\n<\/div>\n<p><label> Votre nom (obligatoire)<br \/>\n    <span class=\"wpcf7-form-control-wrap your-name\"><input type=\"text\" name=\"your-name\" value=\"\" size=\"40\" class=\"wpcf7-form-control wpcf7-text wpcf7-validates-as-required\" aria-required=\"true\" aria-invalid=\"false\" \/><\/span> <\/label><\/p>\n<p><label> Votre adresse de messagerie (obligatoire)<br \/>\n    <span class=\"wpcf7-form-control-wrap your-email\"><input type=\"email\" name=\"your-email\" value=\"\" size=\"40\" class=\"wpcf7-form-control wpcf7-text wpcf7-email wpcf7-validates-as-required wpcf7-validates-as-email\" aria-required=\"true\" aria-invalid=\"false\" \/><\/span> <\/label><\/p>\n<p><label> Objet<br \/>\n    <span class=\"wpcf7-form-control-wrap your-subject\"><input type=\"text\" name=\"your-subject\" value=\"\" size=\"40\" class=\"wpcf7-form-control wpcf7-text\" aria-invalid=\"false\" \/><\/span> <\/label><\/p>\n<p><label> Votre message<br \/>\n    <span class=\"wpcf7-form-control-wrap your-message\"><textarea name=\"your-message\" cols=\"40\" rows=\"10\" class=\"wpcf7-form-control wpcf7-textarea\" aria-invalid=\"false\"><\/textarea><\/span> <\/label><\/p>\n<p><input type=\"submit\" value=\"Envoyer\" class=\"wpcf7-form-control has-spinner wpcf7-submit\" \/><\/p>\n<div class=\"wpcf7-response-output\" aria-hidden=\"true\"><\/div><\/form><\/div>\n","protected":false},"excerpt":{"rendered":"<p>La boutique en ligne est temporairement ferm\u00e9. Merci de votre compr\u00e9hension. La nouvelle collection de Babidule Cr\u00e9ations est arriv\u00e9e, Hello le Monde. Il est temps de voyager ! Une envie [&hellip;]<\/p>\n","protected":false},"author":1,"featured_media":0,"parent":0,"menu_order":0,"comment_status":"closed","ping_status":"closed","template":"template-fullwidth.php","meta":[],"yoast_head":"<!-- This site is optimized with the Yoast SEO plugin v17.9 - https:\/\/yoast.com\/wordpress\/plugins\/seo\/ -->\n<title>Page d&#039;accueil - Babidule<\/title>\n<meta name=\"robots\" content=\"index, follow, max-snippet:-1, max-image-preview:large, max-video-preview:-1\" \/>\n<link rel=\"canonical\" href=\"https:\/\/www.babidule.fr\/\" \/>\n<meta property=\"og:locale\" content=\"fr_FR\" \/>\n<meta property=\"og:type\" content=\"article\" \/>\n<meta property=\"og:title\" content=\"Page d&#039;accueil - Babidule\" \/>\n<meta property=\"og:description\" content=\"La boutique en ligne est temporairement ferm\u00e9. Merci de votre compr\u00e9hension. La nouvelle collection de Babidule Cr\u00e9ations est arriv\u00e9e, Hello le Monde. Il est temps de voyager ! Une envie [&hellip;]\" \/>\n<meta property=\"og:url\" content=\"https:\/\/www.babidule.fr\/\" \/>\n<meta property=\"og:site_name\" content=\"Babidule\" \/>\n<meta property=\"article:publisher\" content=\"https:\/\/www.facebook.com\/babidulecreations\/\" \/>\n<meta property=\"article:modified_time\" content=\"2025-06-13T06:38:34+00:00\" \/>\n<meta property=\"og:image\" content=\"https:\/\/www.babidule.fr\/wp-content\/uploads\/2021\/06\/1-2-1.jpg\" \/>\n<meta name=\"twitter:card\" content=\"summary_large_image\" \/>\n<meta name=\"twitter:label1\" content=\"Dur\u00e9e de lecture estim\u00e9e\" \/>\n\t<meta name=\"twitter:data1\" content=\"2 minutes\" \/>\n<script type=\"application\/ld+json\" class=\"yoast-schema-graph\">{\"@context\":\"https:\/\/schema.org\",\"@graph\":[{\"@type\":\"Organization\",\"@id\":\"https:\/\/www.babidule.fr\/#organization\",\"name\":\"Babidule Cr\\u00e9ations\",\"url\":\"https:\/\/www.babidule.fr\/\",\"sameAs\":[\"https:\/\/www.facebook.com\/babidulecreations\/\",\"https:\/\/www.instagram.com\/babidule_creations\/\",\"https:\/\/www.pinterest.fr\/babidule\/\"],\"logo\":{\"@type\":\"ImageObject\",\"@id\":\"https:\/\/www.babidule.fr\/#logo\",\"inLanguage\":\"fr-FR\",\"url\":\"https:\/\/www.babidule.fr\/wp-content\/uploads\/2020\/10\/logoNB766-px.png\",\"contentUrl\":\"https:\/\/www.babidule.fr\/wp-content\/uploads\/2020\/10\/logoNB766-px.png\",\"width\":766,\"height\":351,\"caption\":\"Babidule Cr\\u00e9ations\"},\"image\":{\"@id\":\"https:\/\/www.babidule.fr\/#logo\"}},{\"@type\":\"WebSite\",\"@id\":\"https:\/\/www.babidule.fr\/#website\",\"url\":\"https:\/\/www.babidule.fr\/\",\"name\":\"Babidule\",\"description\":\"Cr\\u00e9ations\",\"publisher\":{\"@id\":\"https:\/\/www.babidule.fr\/#organization\"},\"potentialAction\":[{\"@type\":\"SearchAction\",\"target\":{\"@type\":\"EntryPoint\",\"urlTemplate\":\"https:\/\/www.babidule.fr\/?s={search_term_string}\"},\"query-input\":\"required name=search_term_string\"}],\"inLanguage\":\"fr-FR\"},{\"@type\":\"ImageObject\",\"@id\":\"https:\/\/www.babidule.fr\/#primaryimage\",\"inLanguage\":\"fr-FR\",\"url\":\"https:\/\/www.babidule.fr\/wp-content\/uploads\/2021\/06\/1-2-1.jpg\",\"contentUrl\":\"https:\/\/www.babidule.fr\/wp-content\/uploads\/2021\/06\/1-2-1.jpg\",\"width\":1000,\"height\":750},{\"@type\":\"WebPage\",\"@id\":\"https:\/\/www.babidule.fr\/#webpage\",\"url\":\"https:\/\/www.babidule.fr\/\",\"name\":\"Page d'accueil - Babidule\",\"isPartOf\":{\"@id\":\"https:\/\/www.babidule.fr\/#website\"},\"primaryImageOfPage\":{\"@id\":\"https:\/\/www.babidule.fr\/#primaryimage\"},\"datePublished\":\"2020-09-08T07:11:46+00:00\",\"dateModified\":\"2025-06-13T06:38:34+00:00\",\"breadcrumb\":{\"@id\":\"https:\/\/www.babidule.fr\/#breadcrumb\"},\"inLanguage\":\"fr-FR\",\"potentialAction\":[{\"@type\":\"ReadAction\",\"target\":[\"https:\/\/www.babidule.fr\/\"]}]},{\"@type\":\"BreadcrumbList\",\"@id\":\"https:\/\/www.babidule.fr\/#breadcrumb\",\"itemListElement\":[{\"@type\":\"ListItem\",\"position\":1,\"name\":\"Accueil\",\"item\":\"https:\/\/www.babidule.fr\/\"},{\"@type\":\"ListItem\",\"position\":2,\"name\":\"Page d&rsquo;accueil\"}]}]}<\/script>\n<!-- \/ Yoast SEO plugin. -->","yoast_head_json":{"title":"Page d'accueil - Babidule","robots":{"index":"index","follow":"follow","max-snippet":"max-snippet:-1","max-image-preview":"max-image-preview:large","max-video-preview":"max-video-preview:-1"},"canonical":"https:\/\/www.babidule.fr\/","og_locale":"fr_FR","og_type":"article","og_title":"Page d'accueil - Babidule","og_description":"La boutique en ligne est temporairement ferm\u00e9. Merci de votre compr\u00e9hension. La nouvelle collection de Babidule Cr\u00e9ations est arriv\u00e9e, Hello le Monde. Il est temps de voyager ! Une envie [&hellip;]","og_url":"https:\/\/www.babidule.fr\/","og_site_name":"Babidule","article_publisher":"https:\/\/www.facebook.com\/babidulecreations\/","article_modified_time":"2025-06-13T06:38:34+00:00","og_image":[{"url":"https:\/\/www.babidule.fr\/wp-content\/uploads\/2021\/06\/1-2-1.jpg"}],"twitter_card":"summary_large_image","twitter_misc":{"Dur\u00e9e de lecture estim\u00e9e":"2 minutes"},"schema":{"@context":"https:\/\/schema.org","@graph":[{"@type":"Organization","@id":"https:\/\/www.babidule.fr\/#organization","name":"Babidule Cr\u00e9ations","url":"https:\/\/www.babidule.fr\/","sameAs":["https:\/\/www.facebook.com\/babidulecreations\/","https:\/\/www.instagram.com\/babidule_creations\/","https:\/\/www.pinterest.fr\/babidule\/"],"logo":{"@type":"ImageObject","@id":"https:\/\/www.babidule.fr\/#logo","inLanguage":"fr-FR","url":"https:\/\/www.babidule.fr\/wp-content\/uploads\/2020\/10\/logoNB766-px.png","contentUrl":"https:\/\/www.babidule.fr\/wp-content\/uploads\/2020\/10\/logoNB766-px.png","width":766,"height":351,"caption":"Babidule Cr\u00e9ations"},"image":{"@id":"https:\/\/www.babidule.fr\/#logo"}},{"@type":"WebSite","@id":"https:\/\/www.babidule.fr\/#website","url":"https:\/\/www.babidule.fr\/","name":"Babidule","description":"Cr\u00e9ations","publisher":{"@id":"https:\/\/www.babidule.fr\/#organization"},"potentialAction":[{"@type":"SearchAction","target":{"@type":"EntryPoint","urlTemplate":"https:\/\/www.babidule.fr\/?s={search_term_string}"},"query-input":"required name=search_term_string"}],"inLanguage":"fr-FR"},{"@type":"ImageObject","@id":"https:\/\/www.babidule.fr\/#primaryimage","inLanguage":"fr-FR","url":"https:\/\/www.babidule.fr\/wp-content\/uploads\/2021\/06\/1-2-1.jpg","contentUrl":"https:\/\/www.babidule.fr\/wp-content\/uploads\/2021\/06\/1-2-1.jpg","width":1000,"height":750},{"@type":"WebPage","@id":"https:\/\/www.babidule.fr\/#webpage","url":"https:\/\/www.babidule.fr\/","name":"Page d'accueil - Babidule","isPartOf":{"@id":"https:\/\/www.babidule.fr\/#website"},"primaryImageOfPage":{"@id":"https:\/\/www.babidule.fr\/#primaryimage"},"datePublished":"2020-09-08T07:11:46+00:00","dateModified":"2025-06-13T06:38:34+00:00","breadcrumb":{"@id":"https:\/\/www.babidule.fr\/#breadcrumb"},"inLanguage":"fr-FR","potentialAction":[{"@type":"ReadAction","target":["https:\/\/www.babidule.fr\/"]}]},{"@type":"BreadcrumbList","@id":"https:\/\/www.babidule.fr\/#breadcrumb","itemListElement":[{"@type":"ListItem","position":1,"name":"Accueil","item":"https:\/\/www.babidule.fr\/"},{"@type":"ListItem","position":2,"name":"Page d&rsquo;accueil"}]}]}},"_links":{"self":[{"href":"https:\/\/www.babidule.fr\/index.php?rest_route=\/wp\/v2\/pages\/117"}],"collection":[{"href":"https:\/\/www.babidule.fr\/index.php?rest_route=\/wp\/v2\/pages"}],"about":[{"href":"https:\/\/www.babidule.fr\/index.php?rest_route=\/wp\/v2\/types\/page"}],"author":[{"embeddable":true,"href":"https:\/\/www.babidule.fr\/index.php?rest_route=\/wp\/v2\/users\/1"}],"replies":[{"embeddable":true,"href":"https:\/\/www.babidule.fr\/index.php?rest_route=%2Fwp%2Fv2%2Fcomments&post=117"}],"version-history":[{"count":86,"href":"https:\/\/www.babidule.fr\/index.php?rest_route=\/wp\/v2\/pages\/117\/revisions"}],"predecessor-version":[{"id":1411,"href":"https:\/\/www.babidule.fr\/index.php?rest_route=\/wp\/v2\/pages\/117\/revisions\/1411"}],"wp:attachment":[{"href":"https:\/\/www.babidule.fr\/index.php?rest_route=%2Fwp%2Fv2%2Fmedia&parent=117"}],"curies":[{"name":"wp","href":"https:\/\/api.w.org\/{rel}","templated":true}]}}